{"id":188,"date":"2019-03-08T15:15:39","date_gmt":"2019-03-08T14:15:39","guid":{"rendered":"http:\/\/shizofrenija.si\/javno\/?page_id=188"},"modified":"2022-03-04T13:00:29","modified_gmt":"2022-03-04T12:00:29","slug":"obvestilo-o-zasebnosti","status":"publish","type":"page","link":"https:\/\/shizofrenija.si\/javno\/obvestilo-o-zasebnosti\/","title":{"rendered":"Obvestilo o zasebnosti"},"content":{"rendered":"\n<div class=\"wp-block-rea-inpage-nav-rea-inpage-nav-block rea-inpage-nav-block front has-margin\"><div class=\"rea-inpage-nav-block__image\" style=\"background-image: url(https:\/\/shizofrenija.si\/javno\/wp-content\/uploads\/2019\/03\/wooden.png)\"><img decoding=\"async\" class=\"inpage-nav-background\" alt=\"\" src=\"https:\/\/shizofrenija.si\/javno\/wp-content\/uploads\/2019\/03\/wooden.png\"\/><\/div><div class=\"rea-inpage-nav-block__content\"><div class=\"rea-inpage-nav-block__content--wrapper\"><div class=\"text-wrapper\"><h2 class=\"inpage-nav-title\">Obvestilo o zasebnosti<\/h2><ul class=\"inpage-nav-list\"><li><\/li><\/ul><\/div><div class=\"section-nav\"><h4 class=\"section-nav--title\">V tem razdelku<\/h4><div class=\"section-nav--nav-items js-inpage-nav-items\"><\/div><\/div><\/div><\/div><\/div>\n\n\n\n<div class=\"wp-block-rea-title-rea-title-block rea-title-block front\"><div class=\"rea-title-block__content\"><h3 id=\"skrajano-obvestilo-o-zasebnosti\" class=\"content-title \">Skraj\u0161ano obvestilo o zasebnosti<\/h3><h4 class=\"content-subtitle rea-hidden\"><\/h4><\/div><\/div>\n\n\n\n<div class=\"wp-block-rea-paragraph-rea-paragraph-block rea-paragraph-block front\"><div class=\"rea-paragraph-block__content\"><p class=\"content-text\">Dru\u017eba Gedeon Richter Plc., 1103 Budimpe\u0161ta, Gy\u00f6mr\u0151i \u00fat 19-21., Mad\u017earska, in dru\u017eba Gedeon Richter, tr\u017eenje, d.o.o. Verov\u0161kova ulica 55, 1000 Ljubljana, M\u0160 6064655000 skupaj upravljata spletno stran Shizofrenija.si. Obe dru\u017ebi sta zavezani k varstvu zasebnosti posameznikov. S tem obvestilom vas obve\u0161\u010data o obdelavi osebnih podatkov, ki se jih zbirata od uporabnikov, naro\u010dnikov in obiskovalcev (v nadaljevanju skupaj \u201eposamezniki, na katere se nana\u0161ajo osebni podatki\u201f) svojega spletnega mesta (v nadaljevanju \u201espletno mesto\u201c) oz. storitev (v nadaljevanju \u201estoritve\u201c). Posamezniki, na katere se nana\u0161ajo osebni podatki in so mlaj\u0161i od 16 let (v nadaljevanju \u201emladoletniki\u201f), niso upravi\u010deni do uporabe storitev, zato prosimo, da mladoletniki dru\u017ebi ne posredujejo nobenih osebnih podatkov.<br><br>To spletno mesto lahko vsebuje povezave na spletna mesta tretjih strank. Ta povezana spletna mesta niso pod na\u0161im nadzorom in jih urejajo njihovi lastni pravilniki o zasebnosti. Za prakse v zvezi z zasebnostjo na katerem koli tako povezanem spletnem mestu ne odgovarjamo.<\/p><\/div><\/div>\n\n\n\n<div class=\"wp-block-rea-title-rea-title-block rea-title-block front\"><div class=\"rea-title-block__content\"><h3 id=\"\" class=\"content-title rea-hidden\"><\/h3><h4 class=\"content-subtitle \"><br>Upravljelec posebnih podatkov in poobla\u0161\u010dena oseba za varstvo podatkov<br><\/h4><\/div><\/div>\n\n\n\n<div class=\"wp-block-rea-paragraph-rea-paragraph-block rea-paragraph-block front\"><div class=\"rea-paragraph-block__content\"><p class=\"content-text\">Gedeon Richter Plc., 1103 Budimpe\u0161ta, Gy\u00f6mr\u0151i \u00fat 19-21 soupravlja spletno stran Shizofrenija.si, vendar pri tem ne upravlja in ne obdeluje osebnih podatkov pridobljenih preko ste spletne strani. Dru\u017eba Gedeon Richter, tr\u017eenje, d.o.o. Verov\u0161kova ulica 55, 1000 Ljubljana, M\u0160 606465500 je upravljalec osebnih podatkov pridobljenih preko spletnega mesta Shizofrenija.si (v nadaljevanju \u00bbspletno mesto\u00ab).<br><br>Dru\u017eba Gedeon Richter je imenovala poobla\u0161\u010deno osebo za varstvo podatkov, s katero lahko stopite v stik prek elektronskega naslova <strong><a href=\"mailto:info@richter.si\" data-type=\"mailto\" data-id=\"mailto:info@richter.si\">info@richter.si<\/a><\/strong><\/p><\/div><\/div>\n\n\n\n<div class=\"wp-block-rea-title-rea-title-block rea-title-block front\"><div class=\"rea-title-block__content\"><h3 id=\"\" class=\"content-title rea-hidden\"><\/h3><h4 class=\"content-subtitle \"><br>Namen in pravna podlaga obdelave va\u0161ih osebnih podatkov<br><\/h4><\/div><\/div>\n\n\n\n<div class=\"wp-block-rea-paragraph-rea-paragraph-block rea-paragraph-block front\"><div class=\"rea-paragraph-block__content\"><p class=\"content-text\">\u010ce obi\u0161\u010dete spletno mesto, lahko obdelujemo va\u0161e osebne podatke, ki so: ime, priimek, elektronski naslov, ustanova\/podjetje, po\u0161ta in kraj, specializacija. Za spodaj navedene namene zagotavljamo informacije in ozave\u0161\u010damo o zdravilu v skladu z veljavnimi farmacevtskimi predpisi:<\/p><\/div><\/div>\n\n\n\n<div class=\"wp-block-rea-list-rea-list-block rea-list-block front\"><div class=\"rea-list-block__wrapper\"><div class=\"list-ordered list\"><p><strong>Delovanje spletnega mesta:<\/strong> Obdelava va\u0161ih podatkov je potrebna za izpolnjevanje pogojev uporabe spletnega mesta na podlagi na\u0161ega zakonitega interesa, \u010de ustrezate pogojem zastopnika pravnega subjekta, ali na podlagi izpolnjevanja pogodbe, \u010de ste posamezni obiskovalec.<\/p><p><strong>Marketin\u0161ka analiza:<\/strong> Na podlagi va\u0161ega soglasja zbiramo va\u0161e podatke za analizo analitike o uporabi spletnega mesta.<\/p><p><strong>Obvestila o ne\u017eelenih u\u010dinkih:<\/strong> V povezavi z obvestili o ne\u017eelenih u\u010dinkih je pravna podlaga za obdelavo podatkov na\u0161a zakonita zahteva po skladnosti z evropsko in nacionalno farmakovigilan\u010dno zakonodajo. O farmakovigilanci vas bomo obvestili v lo\u010denem obvestilu o zasebnosti, ko nam predlo\u017eite poro\u010dilo.<\/p><\/div><\/div><\/div>\n\n\n\n<div class=\"wp-block-rea-title-rea-title-block rea-title-block front\"><div class=\"rea-title-block__content\"><h3 id=\"\" class=\"content-title rea-hidden\"><\/h3><h4 class=\"content-subtitle \">Kdo lahko dostopa do va\u0161ih osebnih podatkov?<br><\/h4><\/div><\/div>\n\n\n\n<div class=\"wp-block-rea-paragraph-rea-paragraph-block rea-paragraph-block front\"><div class=\"rea-paragraph-block__content\"><p class=\"content-text\">Dostop do va\u0161ih osebnih podatkov bodo imele le tiste poobla\u0161\u010dene osebe in oddelki pri upravljalcu osebnih podatkov, ki morajo te podatke nujno poznati zaradi izpolnjevanja svojih nalog.<\/p><\/div><\/div>\n\n\n\n<div class=\"wp-block-rea-title-rea-title-block rea-title-block front\"><div class=\"rea-title-block__content\"><h3 id=\"\" class=\"content-title rea-hidden\"><\/h3><h4 class=\"content-subtitle \"><br>Va\u0161e pravice<br><\/h4><\/div><\/div>\n\n\n\n<div class=\"wp-block-rea-paragraph-rea-paragraph-block rea-paragraph-block front\"><div class=\"rea-paragraph-block__content\"><p class=\"content-text\"><strong>Kot je podrobno navedeno v tem Obvestilu o zasebnosti, imate poleg drugih pravic tudi pravico dostopati do svojih podatkov, jih popravljati in brisati ter v nekaterih primerih ugovarjati njihovi uporabi.<\/strong><\/p><\/div><\/div>\n\n\n\n<div class=\"wp-block-rea-paragraph-rea-paragraph-block rea-paragraph-block front\"><div class=\"rea-paragraph-block__content\"><p class=\"content-text\">Imate pravico ugovarjati obdelavi svojih osebnih podatkov zaradi kakr\u0161nega koli razloga, ki se nana\u0161a na va\u0161o situacijo, v tem primeru pa va\u0161ih osebnih podatkov morda ne bomo mogli obdelati in vam ponuditi svojih storitev.<\/p><\/div><\/div>\n\n\n\n<div class=\"wp-block-rea-title-rea-title-block rea-title-block front\"><div class=\"rea-title-block__content\"><h3 id=\"\" class=\"content-title rea-hidden\"><\/h3><h4 class=\"content-subtitle \">Upravljanje osebnih podatkov in dodatne informacije<br><\/h4><\/div><\/div>\n\n\n\n<div class=\"wp-block-rea-separator-rea-separator-block rea-separator-block front\"><div class=\"rea-separator-block__content\"><hr class=\"rea-separator-block__separator\"\/><\/div><\/div>\n\n\n\n<div class=\"wp-block-rea-title-rea-title-block rea-title-block front\"><div class=\"rea-title-block__content\"><h3 data-short=\"\" id=\"obvestilo-o-zasebnosti\" class=\"content-title \">Obvestilo o zasebnosti<\/h3><h4 class=\"content-subtitle rea-hidden\"><\/h4><\/div><\/div>\n\n\n\n<div class=\"wp-block-rea-paragraph-rea-paragraph-block rea-paragraph-block front\"><div class=\"rea-paragraph-block__content\"><p class=\"content-text\">Gedeon Richter, tr\u017eenje, d.o.o. je zavezana varstvu zasebnosti posameznikov. S tem obvestilom vas obve\u0161\u010damo o obdelavi osebnih podatkov, ki jih zbiramo od uporabnikov, naro\u010dnikov in obiskovalcev (v nadaljevanju skupaj \u201eposamezniki, na katere se nana\u0161ajo osebni podatki\u201f) svojega spletnega mesta (v nadaljevanju \u201espletno mesto\u201c) oz. storitev (v nadaljevanju \u201estoritve\u201c). Posamezniki, na katere se nana\u0161ajo osebni podatki in so mlaj\u0161i od 16 let (v nadaljevanju \u201emladoletniki\u201f), niso upravi\u010deni do uporabe na\u0161ih storitev, zato prosimo, da mladoletniki dru\u017ebi ne posredujejo nobenih osebnih podatkov.<br>Preberite to Obvestilo o zasebnosti, skupaj z na\u0161imi Splo\u0161nimi pogoji uporabe in Obvestilom o pi\u0161kotkih.<br>Obvestilo o zasebnosti lahko s posodobitvijo te objave kadar koli spremenimo. Ko bo to potrebno, pa bomo pridobili va\u0161o privolitev k spremembam. To, kdaj je bilo Obvestilo o zasebnosti nazadnje posodobljeno, lahko ugotovite, \u010de si ogledate legendo \u201eNazadnje posodobljeno\u201f na vrhu tega Obvestila o zasebnosti.<\/p><\/div><\/div>\n\n\n\n<div class=\"wp-block-rea-paragraph-rea-paragraph-block rea-paragraph-block front\"><div class=\"rea-paragraph-block__content\"><p class=\"content-text\">To spletno mesto lahko vsebuje povezave na spletna mesta tretjih strank. Ta povezana spletna mesta niso pod na\u0161im nadzorom in jih urejajo njihovi lastni pravilniki o zasebnosti. Za prakse v zvezi z zasebnostjo na katerem koli tako povezanem spletnem mestu ne odgovarjamo.<\/p><\/div><\/div>\n\n\n\n<figure class=\"wp-block-table is-style-regular add-border\">\n<table>\n\t<tbody>\n\t\t<tr>\n\t\t\t<td>Upravljalec osebnih podatkov<\/td>\n\t\t\t<td class=\"has-text-align-left\" data-align=\"left\">Gedeon Richter, tr\u017eenje, d.o.o. Verov\u0161kova ulica 55, 1000 Ljubljana, M\u0160 6064655000  je  upravljalec osebnih podatkov na spletnem mestu Shizofrenija.si (v nadaljevanju \u00bbspletno mesto\u00ab) in je zavezan k zasebnosti posameznikov.<\/td>\n\t\t<\/tr>\n\t\t<tr>\n\t\t\t<td>Katere osebne podatke o vas obdelujemo?<\/td>\n\t\t\t<td class=\"has-text-align-left\" data-align=\"left\">Za zgoraj navedene namene obdelujemo spodaj navedene kategorije podatkov:<br><br><br>Osebne podatke obiskovalcev strani: podatke o vrsti in razli\u010dici va\u0161ega brskalnika, operacijskem sistemu, ki ga uporabljate, spletnem mestu, s katerega nas obiskujete (napotitvenem URL-ju), spletnih straneh, ki jih obiskujete na spletnem mestu, datumu in \u010dasu dostopa do spletnega mesta ter naslovu internetnega protokola (IP).<br><br><br>Poklicne podatke zdravstvenih strokovnjakov: samo za overjene uporabnike \u2013 rezultat overjanja na Javnem iskalniku zdravnikov in zobozdravnikov, ki je dostopen na spletni strani www.zdravniskazbornica.si: ime, priimek, specializacija (samo za zdravnike), Ustanova in kraj ustanove, e-po\u0161tni naslov.<br><br><br>Podatke analitike: podatke o prijavi, ogledanih straneh in prenesenih dokumentih.<br><br><br>Podatke o obve\u0161\u010danju o ne\u017eelenih u\u010dinkih: na spletnem mestu Shizofrenija.si ne obdelujemo nobenih osebnih podatkov v zvezi z obve\u0161\u010danjem o ne\u017eelenih u\u010dinkih. Podatke v zvezi s tem se sprejemajo na spletni naslov medinfo.si@gedeonrichter.eu ali na h-farmakovigilanca@jazmp.si   Javne agencije Republike Slovenije za zdravila in medicinske pripomo\u010dke.<br><br><br>Svoje osebne podatke kot zdravstveni strokovnjak na podlagi privolitve predlo\u017eite prostovoljno.<\/td>\n\t\t<\/tr>\n\t\t<tr>\n\t\t\t<td>Pravna podlaga za obdelavo va\u0161ih osebnih podatkov<\/td>\n\t\t\t<td class=\"has-text-align-left\" data-align=\"left\">Za obdelavo osebnih podatkov se lahko opiramo na spodnje pravne podlage:<br>\u2022 Va\u0161o privolitev, ki ste nam jo predlo\u017eili v okviru \u010dlena 6(1)(a) Uredbe EU 679\/2016 (\u00bbSplo\u0161ne uredbe o varstvu podatkov\u00ab) (privolitev). Kot posameznik, na katerega se nana\u0161ajo osebni podatki, imate pravico, da svojo privolitev kadar koli umaknete. Umik privolitve ne vpliva na zakonitost obdelave na podlagi privolitve, preden je bila umaknjena.<br><br>\u2022 Obdelava va\u0161ih osebnih podatkov je potrebna za izvajanje pogodbe z vami v okviru \u010dlena 6(1)(b) Splo\u0161ne uredbe o varstvu podatkov (pogodbena podlaga).<br><br>\u2022 Obdelava va\u0161ih osebnih podatkov je mogo\u010da na podlagi na\u0161ega zakonitega interesa v okviru \u010dlena 6(1)(f) Splo\u0161ne uredbe o varstvu podatkov (zakonita podlaga).<br><br>Va\u0161e osebne podatke lahko obdelujemo za namene in na pravnih podlagah, ki so navedeni spodaj: <br><br>\n\t\t\t\n\t\t\t\n\t\t\t<div>\n\t\t\t\t<div style=\"display: flex;width: 100%; border-bottom: 2px solid #116e79;\">\n\t\t\t\t\t<div style=\"flex: 1; width: 30%; background: #87b6bb; padding: 10px; display: flex; align-items: center;\">\n\t\t\t\t\t\tNamen obdelave podatkov\n\t\t\t\t\t<\/div>\n\t\t\t\t\t<div style=\"flex: 1; width: 50%; background: #87b6bb;  padding: 10px;  padding: 5px; display: flex; align-items: center;\">\n\t\t\t\t\t\tKategorije obdelanih osebnih podatkih\n\t\t\t\t\t<\/div>\n\t\t\t\t\t<div style=\"flex: 1; width: 20%; background: #87b6bb;  padding: 10px;  padding: 5px; display: flex; align-items: center;\">\n\t\t\t\t\t\tPravna podlaga\n\t\t\t\t\t<\/div>\n\t\t\t\t<\/div>\n\t\t\t\t<div style=\"display: flex;width: 100%;border: 1px solid #f3f4f5;\">\n\t\t\t\t\t<div style=\"flex: 1;width: 30%; padding: 10px; display: flex; align-items: center;\">\n\t\t\t\t\t\t<strong>Delovanje spletnega mesta<\/strong>\n\t\t\t\t\t<\/div>\n\t\t\t\t\t<div style=\"flex: 1;width: 50%; padding: 10px; display: flex; align-items: center; \">\u2022 Osebni podatki obiskovalca spletnega mesta\n\t\t\t\t\t\t<br>\n\t\t\t\t\t\t\u2022 Poklicni podatki zdravstvenega strokovnjaka (samo za overjene uporabnike)\n\t\t\t\t\t<\/div>\n\t\t\t\t\t<div style=\"flex: 1;width: 20%; padding: 10px; display: flex; align-items: center; \">Contractual\n\t\t\t\t\t\tPogodbena podlaga\n\t\t\t\t\t\t<br>\n\t\t\t\t\t\tZakoniti interes\n\t\t\t\t\t<\/div>\n\t\t\t\t<\/div>\n\t\t\t\t<div style=\"display: flex;width: 100%;border: 1px solid #f3f4f5;\">\n\t\t\t\t\t<div style=\"flex: 1;width: 30%; padding: 10px; display: flex; align-items: center;\">\n\t\t\t\t\t\t<strong>Marketin\u0161ka analiza<\/strong>\n\t\t\t\t\t<\/div>\n\t\t\t\t\t<div style=\"flex: 1;width: 50%; padding: 10px; display: flex; align-items: center; \">\u2022 Poklicni podatki zdravstvenega strokovnjaka (samo za overjene uporabnike)<br>\n\t\t\t\t\t    \u2022 Podatki analitike\n\t\t\t\t\t<\/div>\n\t\t\t\t\t<div style=\"flex: 1;width: 20%; padding: 10px; display: flex; align-items: center; \">Privolitev\n\t\t\t\t\t<\/div>\n\t\t\t\t<\/div>\n\t\t\t\t<div style=\"display: flex;width: 100%;border: 1px solid #f3f4f5;\">\n\t\t\t\t\t<div style=\"flex: 1;width: 30%; padding: 10px; display: flex; align-items: center;\">\n\t\t\t\t\t\t<strong>Obve\u0161\u010danje o ne\u017eelenih u\u010dinkih<\/strong>\n\t\t\t\t\t<\/div>\n\t\t\t\t\t<div style=\"flex: 1;width: 50%; padding: 10px; display: flex; align-items: center; \">\u2022 Podatki za obve\u0161\u010danje o ne\u017eelenih u\u010dinkih\n\t\t\t\t\t<\/div>\n\t\t\t\t\t<div style=\"flex: 1;width: 20%; padding: 10px; display: flex; align-items: center; \">Pravna obveznost\n\t\t\t\t\t<\/div>\n\t\t\t\t<\/div>\n\t\t\t<\/div>\n\t\t\t\n\t\t<\/td>\n\t<\/tr>\n\t<tr>\n\t\t<td>Na\u0161 zakoniti interes<\/td>\n\t\t<td class=\"has-text-align-left\" data-align=\"left\">Izvedli smo test uravnote\u017eenja, da bi lahko sklepali o na\u0161ih prevladujo\u010dih zakonitih interesih. Upo\u0161tevali smo obseg, v katerem na\u0161e dejavnosti obdelave podatkov lahko vplivajo na va\u0161e interese, pravice in svobo\u0161\u010dine, organizacijsko strukturo in delovanje dru\u017eb ter jamstva glede zasebnosti, ki vam jih nudimo. Na tej podlagi smo sklenili, da na\u0161e zadevne dejavnosti obdelave podatkov (kot so navedene spodaj) ne omejujejo va\u0161ih interesov, osebnih pravic in svobo\u0161\u010din nesorazmerno.<br><br>Za ve\u010d informacij o na\u0161ih zakonitih interesih vzpostavite stik z nami prek elektronskega naslova <a href=\"mailto:\/\/info@richter.si\" rel=\"nofollow noopener\" target=\"_blank\">info@richter.si<\/a>.\n\n\t\t<div>\n\t\t\t<div style=\"display: flex;width: 100%; border-bottom: 2px solid #116e79;\">\n\t\t\t\t<div style=\"flex: 1; width: 20%; background: #87b6bb; padding: 10px; display: flex; align-items: center;\">\n\t\t\t\t\tDejavnost obdelave\n\t\t\t\t<\/div>\n\t\t\t\t<div style=\"flex: 3; width: 80%; background: #87b6bb;  padding: 10px;  padding: 5px; display: flex; align-items: center; align-items: center;justify-content: center;\">\n\t\t\t\t\tTest uravnote\u017eenja\n\t\t\t\t<\/div>\n\t\t\t<\/div>\n\t\t\t<div style=\"display: flex;width: 100%;border: 1px solid #f3f4f5;\">\n\t\t\t\t<div style=\"flex: 1; padding: 10px; display: flex; align-items: center;\">\n\t\t\t\t\t<strong>Delovanje spletnega mesta<\/strong>\n\t\t\t\t<\/div>\n\t\t\t\t<div style=\"flex: 3; padding: 10px; display: flex; align-items: center;text-align:center\">\n\t\t\t\t\tPo oceni zakonitega interesa zaklju\u010dujemo, da imamo \u2013 \u010de obi\u0161\u010dete spletno mesto \u2013 zakoniti interes za obdelavo va\u0161ih osebnih podatkov v obsegu, ki je nujen za zagotavljanje in delovanje spletnega mesta. Z namenom izbolj\u0161ati na\u0161e storitve in spletna mesta zbiramo va\u0161e osebne podatke na podlagi va\u0161e prostovoljno izra\u017eene privolitve (v zvezi s pi\u0161kotki za analitiko) kot podatke neidentificiranega obiskovalca spletnega mesta za analiti\u010dne namene.\n\t\t\t\t<\/div>\n\t\t\t<\/div>\n\t\t<\/div>\n\t\t\n\t\t\n\t\t<\/td>\n\t<\/tr>\n\t<tr>\n\t\t<td><strong>Delovanje spletnega mesta<\/strong><\/td>\n\t\t<td>Ob upo\u0161tevanju dejstva, da so va\u0161i osebni podatki obdelani za namen dostopa do spletnega mesta, pozneje pa so samo za zgoraj navedene namene na voljo v anonimni obliki, bomo va\u0161e podatke hraniti tako dolgo, kot je potrebno za izpolnjevanje namenov, za katere smo jih zbrali, vklju\u010dno z nameni izpolnjevanja morebitnih pravnih zahtev. Za dolo\u010danje ustreznega obdobja hrambe osebnih podatkov upo\u0161tevamo koli\u010dino, zna\u010daj in ob\u010dutljivost osebnih podatkov, morebitno tveganje \u0161kode zaradi nepoobla\u0161\u010dene uporabe ali razkritja va\u0161ih osebnih podatkov, namene, za katere jih obdelujemo, odlo\u010ditev o tem, ali te namene lahko dose\u017eemo z drugimi sredstvi, in veljavne pravne zahteve. V tem obsegu upo\u0161tevajte, da bomo va\u0161e osebne podatke anonimizirali, tako da jih ne bo ve\u010d mogo\u010de povezati z vami, pri \u010demer bomo te informacije lahko uporabili, ne da bi vas o tem \u0161e nadalje obve\u0161\u010dali.<br><br>Osebne podatke v zvezi z va\u0161im obiskom spletnega mesta bomo obdelali in jih hranili \u0161est mesecev po va\u0161em obisku.<\/td>\n\t<\/tr>\n\n\t<tr>\n\t\t<td>Kdo lahko dostopa do va\u0161ih podatkov?<\/td>\n\t\t<td class=\"has-text-align-left\" data-align=\"left\">Va\u0161ih osebnih podatkov ne bomo razkrivali nobeni tretji stranki, zunanjim organom ali organizacijam, razen kot je navedeno spodaj ali \u010de boste sogla\u0161ali s prenosom podatkov ali \u010de tak prenos zahteva ali dovoljuje zakonodaja.<br><br>Kot upravljavce podatkov lahko za zagotavljanje storitev vklju\u010dimo tretje dobavitelje, va\u0161e osebne podatke pa delimo s temi tretjimi strankami ter s pravnimi in drugimi svetovalci in izvedenci, ki nam pomagajo. Vseeno bomo v tak\u0161nem primeru vedno zagotovili zaupnost va\u0161ih osebnih podatkov, na primer s sklepanjem pogodbe o zaupnosti in nerazkrivanju podatkov. Va\u0161e podatke lahko prenesemo v dr\u017eave zunaj EU\/EGP. V tem primeru se opiramo na varnostne ukrepe, kot so standardne pogodbene klavzule EU ali okvir zasebnostnega \u0161\u010dita EU-ZDA.<br><br>V \u010dasu priprave tega pravilnika o zasebnosti sta dru\u017ebi v zvezi z delovanjem tega spletnega mesta in nudenjem svojih storitev vklju\u010dili spodaj navedene obdelovalce podatkov:<br><br>\u2022 <strong>Amarone Ltd.<\/strong> \u2013 H-1142 Budimpe\u0161ta, 112. Erzs\u00e9bet kir\u00e1lyn\u00e9 str. \u2013 delovanje spletnega mesta;<br><br>\u2022 <strong>Google LLC<\/strong> \u2013 1600 Amphitheatre Parkway, Mountain View, Kalifornija 94043, ZDA \u2013 storitev Google Analytics (uporabljena le ob danem soglasju za pi\u0161kotke za analitiko);<\/td>\n\t<\/tr>\n\t<tr>\n\t\t<td>Va\u0161e pravice<\/td>\n\t\t<td class=\"has-text-align-left\" data-align=\"left\">Upravi\u010deni ste do uveljavljanja svojih pravic, te so:<br>\n\t\t\t (i) Pravica do dostopa: Imate pravico vpra\u0161ati, ali imamo va\u0161e osebne podatke ali ne, in \u010de jih imamo, zahtevati informacije o tem, kak\u0161ni so. Odzvati se bomo morali, med drugim, tudi na vpra\u0161anja o tem, zakaj uporabljamo va\u0161e podatke, in o podrobnostih glede tega, katere podatke imamo in komu smo omogo\u010dili dostop do njih. Vendar to ni absolutna pravica in va\u0161a pravica do dostopa je lahko omejene z interesom drugih posameznikov.<br><br>\n\t\t\t (ii) Pravica do popravka: Od nas je zahtevano, da na zahtevo popravimo neto\u010dne osebne podatke ali da dopolnimo osebne podatke, ki so nepopolni.<br><br>\n\t\t\t (iii) Pravica do izbrisa (pravica do pozabe): V dolo\u010denih primerih je od nas zahtevano, da izbri\u0161emo osebne podatke na zahtevo posameznika, na katerega se osebni podatki nana\u0161ajo.<br><br>\n\t\t\t (iv) Pravica do omejitve obdelave: V dolo\u010denih primerih je od nas zahtevano, da omejimo uporabo osebnih podatkov na zahtevo zadevne osebe. V tak\u0161nih primerih lahko uporabljamo podatke za dolo\u010dene omejene namene, ki jih dolo\u010da zakon.<br><br>\n\t\t\t (v) Pravica do prenosljivosti: Lahko imate pravico, da prejmete svoje osebne podatke, do katerih imamo dostop, v strukturirani, pogosto uporabljeni in strojno berljivi obliki, tak\u0161ne osebe pa imajo nato morda pravico, da te podatke prenesejo drugemu subjektu brez ovir z na\u0161e strani.<br><br>\n\t\t\t (vi) Pravica do ugovora:<br><strong>Imate pravico, da ugovarjate obdelavi svojih osebnih podatkov zaradi kakr\u0161nega koli razloga, ki se nana\u0161a na va\u0161o situacijo, v tem primeru pa va\u0161ih osebnih podatkov morda ne bomo mogli obdelati. \u010ce imate pravico do ugovora in je uveljavljanje te pravice upravi\u010deno, va\u0161i zadevni osebni podatki ne bodo nadalje obdelovani za namene ugovora. Uveljavljanje te pravice ne povzro\u010da nobenih stro\u0161kov.<\/strong><br><br>\n\t\t\t (vii) Pravica do prito\u017ebe: \u010ce menite, da so bile va\u0161e pravice do zasebnosti in varstva podatkov kr\u0161ene, se lahko obrnete na ustrezni organ za varstvo podatkov, ki nadzira dejavnosti zadevne dru\u017ebe:<br><br>Gedeon Richter, tr\u017eenje, d.o.o., Verov\u0161kova ulica 55, 1000 Ljubljana, M\u0160: 6064655000, mail: info@richter.si<br><\/td>\n\t<\/tr>\n\t<tr>\n\t\t<td>Poobla\u0161\u010dene osebe za varstvo podatkov<\/td><td class=\"has-text-align-left\" data-align=\"left\">Za ve\u010d informacij o tem Obvestilu o zasebnosti in pi\u0161kotkih ter v zvezi s poizvedbami o zasebnosti in varstvu podatkov vzpostavite stik z nami prek elektronskega naslova <a href=\"mailto:info@richter.si\">info@richter.si<\/a>.\n\t\t<br><br>Dru\u017eba Gedeon Richter, tr\u017eenje, d.o.o. je imenovala poobla\u0161\u010deno osebo za varstvo podatkov, s katero lahko vzpostavite stik prek elektronskega naslova <a href=\"mailto:info@richter.si\">info@richter.si<\/a>.<br><br><\/td>\n\t<\/tr>\n <\/tbody>\n <\/table><\/figure>\n<div class=\"wp-block-rea-title-rea-title-block rea-title-block front rea-share-block\" style=\"margin-bottom:30px;text-align:center;\">\n\t\t<div class=\"\">\n\t\t\t<span style=\"display:block;margin-bottom:10px;font-size:20px;\">Share<\/span>\n\t\t\t<a href=\"https:\/\/www.facebook.com\/sharer\/sharer.php?u=https:\/\/shizofrenija.si\/javno\/wp-json\/wp\/v2\/pages\/188\" class=\"facebook-share\" target=\"_blank\"><\/a>\n\t\t\t<a href=\"https:\/\/www.linkedin.com\/shareArticle?mini=true&#038;url=https:\/\/shizofrenija.si\/javno\/wp-json\/wp\/v2\/pages\/188\" class=\"linkedin-share\" target=\"_blank\"><\/a>\n\t\t<\/div>\n\t<\/div>","protected":false},"excerpt":{"rendered":"<p>Upravljalec osebnih podatkov Gedeon Richter, tr\u017eenje, d.o.o. Verov\u0161kova ulica 55, 1000 Ljubljana, M\u0160 6064655000 je upravljalec osebnih podatkov na spletnem mestu Shizofrenija.si (v nadaljevanju \u00bbspletno mesto\u00ab) in je zavezan k zasebnosti posameznikov. Katere osebne podatke o vas obdelujemo? Za zgoraj navedene namene obdelujemo spodaj navedene kategorije podatkov: Osebne podatke obiskovalcev strani: podatke o vrsti in [&hellip;]<\/p>\n","protected":false},"author":1,"featured_media":0,"parent":0,"menu_order":0,"comment_status":"closed","ping_status":"closed","template":"page-fullwidth.php","meta":{"_acf_changed":false,"rea_page_title_signed_in_meta_block_field":"","rea_page_title_signed_out_meta_block_field":"","rea_page_description_signed_in_meta_block_field":"","rea_page_description_signed_out_meta_block_field":"","rea_page_footer_id_meta_block_field":"","rea_page_footer_date_meta_block_field":"","footnotes":""},"class_list":["post-188","page","type-page","status-publish","hentry"],"acf":[],"_links":{"self":[{"href":"https:\/\/shizofrenija.si\/javno\/wp-json\/wp\/v2\/pages\/188","targetHints":{"allow":["GET"]}}],"collection":[{"href":"https:\/\/shizofrenija.si\/javno\/wp-json\/wp\/v2\/pages"}],"about":[{"href":"https:\/\/shizofrenija.si\/javno\/wp-json\/wp\/v2\/types\/page"}],"author":[{"embeddable":true,"href":"https:\/\/shizofrenija.si\/javno\/wp-json\/wp\/v2\/users\/1"}],"replies":[{"embeddable":true,"href":"https:\/\/shizofrenija.si\/javno\/wp-json\/wp\/v2\/comments?post=188"}],"version-history":[{"count":26,"href":"https:\/\/shizofrenija.si\/javno\/wp-json\/wp\/v2\/pages\/188\/revisions"}],"predecessor-version":[{"id":3074,"href":"https:\/\/shizofrenija.si\/javno\/wp-json\/wp\/v2\/pages\/188\/revisions\/3074"}],"wp:attachment":[{"href":"https:\/\/shizofrenija.si\/javno\/wp-json\/wp\/v2\/media?parent=188"}],"curies":[{"name":"wp","href":"https:\/\/api.w.org\/{rel}","templated":true}]}}