{"id":190,"date":"2019-03-08T15:17:24","date_gmt":"2019-03-08T14:17:24","guid":{"rendered":"http:\/\/shizofrenija.si\/javno\/?page_id=190"},"modified":"2021-10-19T12:45:08","modified_gmt":"2021-10-19T11:45:08","slug":"pogoji-uporabe","status":"publish","type":"page","link":"https:\/\/shizofrenija.si\/javno\/pogoji-uporabe\/","title":{"rendered":"Pogoji uporabe"},"content":{"rendered":"\n<div class=\"wp-block-rea-inpage-nav-rea-inpage-nav-block rea-inpage-nav-block front has-margin\"><div class=\"rea-inpage-nav-block__image\" style=\"background-image: url(https:\/\/shizofrenija.si\/javno\/wp-content\/uploads\/2019\/03\/wooden.png)\"><img decoding=\"async\" class=\"inpage-nav-background\" alt=\"\" src=\"https:\/\/shizofrenija.si\/javno\/wp-content\/uploads\/2019\/03\/wooden.png\"\/><\/div><div class=\"rea-inpage-nav-block__content\"><div class=\"rea-inpage-nav-block__content--wrapper\"><div class=\"text-wrapper\"><h2 class=\"inpage-nav-title\">Pogoji uporabe<\/h2><ul class=\"inpage-nav-list\"><\/ul><\/div><div class=\"section-nav\"><h4 class=\"section-nav--title\">V tem razdelku<\/h4><div class=\"section-nav--nav-items js-inpage-nav-items\"><\/div><\/div><\/div><\/div><\/div>\n\n\n\n<div class=\"wp-block-rea-paragraph-rea-paragraph-block rea-paragraph-block front\"><div class=\"rea-paragraph-block__content\"><p class=\"content-text\">(Nazadnje posodobljeno: 29. junij 2018)<br>V teh pogojih uporabe (v nadaljevanju: \u201epogoji uporabe\u201f) so navedene pravno zavezujo\u010de dolo\u010dbe in pogoji uporabe storitev ter informacij na tem spletnem mestu (v nadaljevanju: \u201espletno mesto\u201f). Z vstopom na to spletno mesto se strinjate, da vas zavezujejo pogoji uporabe, ki za\u010dnejo veljati takoj ob va\u0161em prvem obisku spletnega mesta. \u010ce se s spodaj navedenimi pogoji ne strinjate, spletnega mesta ne uporabljajte.<br>Spletno stran vzdr\u017euje in upravlja dru\u017eba Gedeon Richter, tr\u017eenje, d.o.o. (z registriranim sede\u017eem na naslovu: Verov\u0161kova ulica 55, 1000 Ljubljana; mati\u010dna \u0161tevilka dru\u017ebe: 6064655000; v nadaljevanju: \u201emi\u201f ali \u201edru\u017eba\u201f).<br>Pridr\u017eujemo si pravico, da te pogoje uporabe s posodobitvijo tega sporo\u010dila posodobimo ali spremenimo. To, kdaj so bili pogoji uporabe nazadnje posodobljeni, lahko ugotovite, \u010de si ogledate legendo \u201enazadnje posodobljeno\u201f na vrhu teh pogojev uporabe. Priporo\u010damo, da za uporabo v prihodnosti natisnete njihovo kopijo.<br>\u010ce med temi pogoji uporabe in specifi\u010dnimi dolo\u010dbami, ki se pojavljajo drugje na spletnem mestu, obstaja kakr\u0161no koli navzkri\u017eje, prevladajo ti pogoji uporabe.<\/p><\/div><\/div>\n\n\n\n<div class=\"wp-block-rea-title-rea-title-block rea-title-block front\"><div class=\"rea-title-block__content\"><h3 id=\"1-strongomejena-uporabastrong\" class=\"content-title \">1. <strong>OMEJENA UPORABA<\/strong><\/h3><h4 class=\"content-subtitle rea-hidden\"><\/h4><\/div><\/div>\n\n\n\n<div class=\"wp-block-rea-paragraph-rea-paragraph-block rea-paragraph-block front\"><div class=\"rea-paragraph-block__content\"><p class=\"content-text\">Vsebina tega spletnega mesta in kakr\u0161nega koli gradiva na njem je intelektualna lastnina dru\u017ebe ali njenih dajalcev licence; zagotavljamo vam le omejeno, neizklju\u010dno, neprenosljivo in nedodeljivo dovoljenje za uporabo vsebine, ki je na voljo na tem spletnem mestu. Ta dela po vsem svetu \u0161\u010ditijo zakonodaja in pogodbe o avtorskih pravicah. Vse tak\u0161ne pravice so rezervirane. Vedno mora biti priznan na\u0161 status (in status katerih koli dolo\u010denih avtorjev) avtorjev vsebine na na\u0161em spletnem mestu. Kakr\u0161ne koli komentarje, povezane z avtorskimi pravicami in drugimi pravicami intelektualne lastnine na straneh, ki so prenesene in natisnjene s tega spletnega mesta, morate hraniti in si jih zabele\u017eiti. Brez na\u0161ega predhodnega soglasja ne smete uporabljati imena in blagovnih znamk na\u0161e dru\u017ebe.<br>Vsebine spletnega mesta, kar vklju\u010duje tudi celotno vsebino, slike, zvo\u010dna in video gradiva, brez predhodnega pisnega soglasja dru\u017ebe ne smete ne v celoti in ne delno raz\u0161irjati, spreminjati ali uporabljati v javne ali komercialne namene. Priznavate in se strinjate, da za vso vsebino, objavljeno na tem spletnem mestu, razen \u010de zakonodaja dolo\u010da druga\u010de, velja zakonodaja o avtorskih pravicah in je na noben na\u010din, razen za na\u010din, ki je v skladu s pogoji, opisanimi v teh pogojih uporabe, ali dolo\u010dbami, navedenimi v besedilu na danem spletnem mestu, ni dovoljeno uporabljati brez dovoljenja dru\u017ebe in ustreznega avtorja.<br>Dru\u017eba in druge tretje osebe vam ne bodo dodeljevale in prena\u0161ale nobenih osebnih ali lastni\u0161kih interesov ali pooblastil, dodeljenih blagovnim znamkam, patentom, lastni\u0161kim pravicam in drugim pravicam intelektualne lastnine, ki so tako navedene.<\/p><\/div><\/div>\n\n\n\n<div class=\"wp-block-rea-title-rea-title-block rea-title-block front\"><div class=\"rea-title-block__content\"><h3 id=\"2-strongomejitve-in-izkljuitve-odgovornostistrong\" class=\"content-title \">2. <strong>OMEJITVE IN IZKLJU\u010cITVE ODGOVORNOSTI<\/strong><\/h3><h4 class=\"content-subtitle rea-hidden\"><\/h4><\/div><\/div>\n\n\n\n<div class=\"wp-block-rea-paragraph-rea-paragraph-block rea-paragraph-block front\"><div class=\"rea-paragraph-block__content\"><p class=\"content-text\">To spletno mesto in njegove storitve so namenjene ljudem, ki \u017eivijo v Republiki Sloveniji. Ne trdimo, da je vsebina, ki je na voljo na na\u0161em spletnem mestu ali prek njega, primerna za uporabo ali na voljo na drugih lokacijah.<br>Spletno mesto lahko obi\u0161\u010dete in ga uporabljate na lastno odgovornost. Vsebina tega spletnega mesta je na voljo samo kot splo\u0161na informacija in ne predstavlja nobenega zdravstvenega nasveta ali diagnoze, na katerega bi se lahko zanesli. Ne sme se je razlagati kot svetovanje ali priporo\u010dilo, tak\u0161ne informacije pa ne smejo predstavljati podlage za kakr\u0161no koli odlo\u010ditev ali dejanje, vklju\u010dno s kakr\u0161nimi koli zdravstvenimi informacijami, objavljenimi na spletnem mestu, ki ne morejo zamenjati podrobnega zdravstvenega nasveta, prilagojenega potrebam vsakega pacienta. Spletno mesto in njegova vsebina nista namenjena temu, da bi bila nadomestek za nasvet ali diagnozo zdravstvenega strokovnjaka; za kakr\u0161na koli vpra\u0161anja glede va\u0161ega zdravstvenega stanja morate pomo\u010d vedno poiskati pri usposobljenem zdravstvenem strokovnjaku.<br>Spletno mesto lahko vsebuje neto\u010dnosti ali tipkarske napake. Pridr\u017eujemo si pravico do sprememb, popravkov in\/ali izbolj\u0161anja trenutne vsebine ter programov in izdelkov, opisanih v informacijah, brez predhodnega obvestila. Informacije na na\u0161em spletnem mestu se trudimo v razumni meri posodabljati, vendar ne navajamo, jam\u010dimo ali garantiramo, izrecno ali implicitno, da je vsebina na na\u0161em spletnem mestu to\u010dna, popolna ali posodobljena.<br>\u010ce ste poslovni uporabnik ali zdravstveni strokovnjak, izklju\u010dujemo vse implicitne pogoje, jamstva, navedbe ali druge pogoje, ki lahko veljajo za to spletno mesto ali kakr\u0161no koli njegovo vsebino. \u010ce ste potro\u0161ni\u0161ki uporabnik, na\u0161e spletno mesto nudimo le za doma\u010do in zasebno uporabo; strinjate se, da na\u0161ega spletnega mesta ne boste uporabljali v nobene komercialne ali poslovne namene.<br>\u010ce bi bilo to nezakonito, na\u0161e odgovornosti do vas ne izklju\u010dujemo ali omejujemo na noben na\u010din. V obsegu, kot ga dolo\u010da veljavna zakonodaja, dru\u017eba in druge osebe, ki sodelujejo pri razvoju in delovanju tega spletnega mesta, niso odgovorne za nobene napake, \u0161kodo, izgubo podatkov ali kakr\u0161no koli napako pri vsebini spletnega mesta, ki bi se lahko \u2012 neposredno, posredno ali namerno \u2012 pojavila v zvezi z vzpostavljanjem povezave, brskanjem ali prena\u0161anjem ob obisku tega spletnega mesta.<br>Iz poslovnih in operativnih razlogov lahko razpolo\u017eljivost celotnega spletnega mesta ali njegovih delov prekinemo, umaknemo ali omejimo brez kakr\u0161nega koli pojasnila ali predhodnega obvestila.<\/p><\/div><\/div>\n\n\n\n<div class=\"wp-block-rea-title-rea-title-block rea-title-block front\"><div class=\"rea-title-block__content\"><h3 id=\"3-strongpovezave-tretjih-osebstrong\" class=\"content-title \">3. <strong>POVEZAVE TRETJIH OSEB<\/strong><\/h3><h4 class=\"content-subtitle rea-hidden\"><\/h4><\/div><\/div>\n\n\n\n<div class=\"wp-block-rea-paragraph-rea-paragraph-block rea-paragraph-block front\"><div class=\"rea-paragraph-block__content\"><p class=\"content-text\">Kjer to spletno mesto vsebuje povezave na druga spletna mesta in vire, ki jih zagotavljajo tretje osebe, so te povezave zagotovljene samo za va\u0161o splo\u0161no obve\u0161\u010denost. Take povezave se ne smejo razlagati kot na\u0161a odobritev teh povezanih spletnih mest ali informacij, ki jih lahko iz njih pridobite. Nad vsebino teh spletnih mest ali viri nimamo nobenega nadzora.<\/p><\/div><\/div>\n\n\n\n<div class=\"wp-block-rea-title-rea-title-block rea-title-block front\"><div class=\"rea-title-block__content\"><h3 id=\"4-strongpravila-ravnanjastrong\" class=\"content-title \">4. <strong>PRAVILA RAVNANJA<\/strong><\/h3><h4 class=\"content-subtitle rea-hidden\"><\/h4><\/div><\/div>\n\n\n\n<div class=\"wp-block-rea-paragraph-rea-paragraph-block rea-paragraph-block front\"><div class=\"rea-paragraph-block__content\"><p class=\"content-text\">Med uporabo spletnega mesta se strinjate, da boste spo\u0161tovali vso veljavno zakonodajo, pravila in predpise. Od uporabnikov spletnega mesta pri\u010dakujemo, da bodo spo\u0161tovali zakone ter pravice in dostojanstvo drugih.<br>Na\u0161ega spletnega mesta in storitev, ki jih na njem nudimo, ne smete uporabljati:<\/p><\/div><\/div>\n\n\n\n<div class=\"wp-block-rea-list-rea-list-block rea-list-block front\"><div class=\"rea-list-block__wrapper\"><div class=\"list-unordered list\"><p>na noben na\u010din, ki kr\u0161i katero koli veljavno zakonodajo ali predpise;<\/p><p>na noben na\u010din, ki je nezakonit ali goljufiv ali pa ima kakr\u0161en koli nezakonit ali goljufiv namen ali u\u010dinek,<\/p><p>za namen po\u0161kodovanja ali poskusa po\u0161kodovanja drugih ali pa za kakr\u0161en koli drug na\u010din kr\u0161itve pravnih pravic ali dostojanstva drugih;<\/p><p>za izdajanje za katero koli drugo osebo ali subjekt, vklju\u010dno in brez omejitev za katerega koli predstavnika dru\u017ebe;<\/p><p>za prenos, nabavo ali po\u0161iljanje kakr\u0161nega koli neza\u017eelenega ali nepoobla\u0161\u010denega ogla\u0161evanja, drugih promocijskih gradiv ali katere koli druge oblike podobnega ponujanja;<\/p><p>za okvirjanje ali zrcaljenje katerega koli dela spletnega mesta;<\/p><p>za ustvarjanje zbirke podatkov s prenosom in shranjevanjem vsebine spletnega mesta;<\/p><p>za zavestno prena\u0161anje kakr\u0161nih koli podatkov, po\u0161iljanje ali nalaganje kakr\u0161nega koli gradiva, ki vsebuje viruse, trojanske konje, \u010drve, vohunsko programsko opremo, ogla\u0161evalsko programsko opremo ali kakr\u0161ne koli druge \u0161kodljive programe ali podobno ra\u010dunalni\u0161ko kodo, zasnovano tako, da negativno vpliva na delovanje vse programske in strojne opreme v ra\u010dunalnikih;<\/p><p>za pridobivanje nepoobla\u0161\u010denega dostopa do na\u0161ega spletnega mesta, stre\u017enika, v katerem je na\u0161e spletno mesto shranjeno, ali katerega koli drugega stre\u017enika, ra\u010dunalnika ali zbirke podatkov, povezane z na\u0161im spletnim mestom. O kakr\u0161ni koli taki kr\u0161itvi bomo poro\u010dali ustreznim organom pregona in z njimi sodelovali, tako da jim bomo razkrili va\u0161o identiteto.<\/p><\/div><\/div><\/div>\n\n\n\n<div class=\"wp-block-rea-paragraph-rea-paragraph-block rea-paragraph-block front\"><div class=\"rea-paragraph-block__content\"><p class=\"content-text\">\u010ce izvemo za kakr\u0161ne koli dejavnosti, informacije ali gradiva, objavljene na tem spletnem mestu, ki jih prena\u0161ate prek njega ali ki so kako druga\u010de dane na voljo prek njega, ki lahko predstavljajo kr\u0161itev teh pogojev uporabe, imamo pravico, ne pa tudi obveznosti, da zadevne informacije odstranimo ali onemogo\u010dimo dostop do njih ali da prekinemo va\u0161o uporabo na\u0161ih spletnih mest, kar u\u010dinkuje takoj. Imamo tudi pravico do razkritja va\u0161e identitete kateri koli tretji osebi, ki trdi, da katera koli vsebina, ki ste jo objavili ali nalo\u017eili na na\u0161e spletno mesto, predstavlja kr\u0161itev njenih pravic intelektualne lastnine ali pravice do zasebnosti.<\/p><\/div><\/div>\n\n\n\n<div class=\"wp-block-rea-title-rea-title-block rea-title-block front\"><div class=\"rea-title-block__content\"><h3 id=\"5-strongstandardi-vsebinestrong\" class=\"content-title \">5. <strong>STANDARDI VSEBINE<\/strong><\/h3><h4 class=\"content-subtitle rea-hidden\"><\/h4><\/div><\/div>\n\n\n\n<div class=\"wp-block-rea-paragraph-rea-paragraph-block rea-paragraph-block front\"><div class=\"rea-paragraph-block__content\"><p class=\"content-text\">Posebno pozornost bomo posve\u010dali skladnosti s pravili in predpisi v zvezi s promocijo in ogla\u0161evanjem zdravil in medicinskih naprav. Zdravil, ki so samo na recept, na primer ni dovoljeno ogla\u0161evati splo\u0161ni javnosti.<br>Po obvestilu bomo odstranili in spremenili navedbe in komentarje, ki bi se lahko \u0161teli za nezakonito ogla\u0161evanje zdravil.<br>\u010ce opazite kakr\u0161en koli komentar, navedbo ali objavo, za katero menite, da kr\u0161i te pogoje uporabe, je nezakonita ali na kakr\u0161en koli na\u010din posega v standarde vsebine, vas prosimo, da o tem po elektronski po\u0161ti obvestite moderatorja na naslov <a href=\"mailto:info@richter.si\">info@richter.si<\/a>. V povezavi z va\u0161im obvestilom navedite sporno vsebino in njeno to\u010dno lokacijo. \u010ce po lastni presoji ugotovimo, da je va\u0161e obvestilo upravi\u010deno, bomo zadevno vsebino odstranili in vas o tem, \u010de je to primerno, obvestili.<br>Kakr\u0161na koli vsebina, ki jo nalo\u017eite na na\u0161e spletno mesto, bo veljala za nezaupno in neza\u0161\u010diteno. Obdr\u017eite vse pravice lastni\u0161tva va\u0161e vsebine, vendar ste nam dol\u017eni podeliti omejeno dovoljenje za uporabo, shranjevanje in kopiranje te vsebine ter njeno raz\u0161irjanje in dajanje na voljo tretjim osebam.<br>Ker so informacije, ki jih posredujete, nezaupne, si pridr\u017eujemo pravico do uporabe in razvijanja idej, metod ali strokovnega znanja za kateri koli namen, vklju\u010dno z razvojem in proizvajanjem svojih izdelkov.<\/p><\/div><\/div>\n\n\n\n<div class=\"wp-block-rea-title-rea-title-block rea-title-block front\"><div class=\"rea-title-block__content\"><h3 id=\"6-strongtehnina-odgovornoststrong\" class=\"content-title \">6. <strong>TEHNI\u010cNA ODGOVORNOST<\/strong><\/h3><h4 class=\"content-subtitle rea-hidden\"><\/h4><\/div><\/div>\n\n\n\n<div class=\"wp-block-rea-paragraph-rea-paragraph-block rea-paragraph-block front\"><div class=\"rea-paragraph-block__content\"><p class=\"content-text\">Ne jam\u010dimo, da bo na\u0161e spletno mesto brez hro\u0161\u010dev, zlonamerne programske opreme ali virusov. Odgovorni ste za konfiguriranje svoje informacijske tehnologije, ra\u010dunalni\u0161kih programov in platforme za dostopanje do na\u0161ega spletnega mesta in njegovo pravilno uporabo. Predlagamo uporabo po\u017earnega zidu in programske opreme za za\u0161\u010dito pred zlonamerno programsko opremo.<br>V obsegu, kot ga dovoljuje zakonodaja, nismo odgovorni in ne moremo biti odgovorni za kakr\u0161no koli \u0161kodo, ki jo utrpi va\u0161 ra\u010dunalnik ali katera koli druga va\u0161a lastnina pri povezavi s tem spletnim mestom ali dostopanju, uporabi in brskanju po njegovi vsebini, vklju\u010dno s katerim koli ne\u017eelenim incidentom, do katerega lahko pride pri prenosu kakr\u0161nega koli gradiva, podatkov, besedila, slik, video gradiva ali zvo\u010dnega gradiva.<br>Poleg tega v obsegu, kakr\u0161nega dovoljuje zakonodaja, nismo odgovorni za nobeno neposredno ali posredno \u0161kodo, izgube ali stro\u0161ke, ki bi lahko nastali zaradi nepravilnega delovanja ali okvare spletnega mesta ali kakr\u0161nih koli podobnih vzrokov.<\/p><\/div><\/div>\n\n\n\n<div class=\"wp-block-rea-title-rea-title-block rea-title-block front\"><div class=\"rea-title-block__content\"><h3 id=\"7-strongvarstvo-podatkovstrong\" class=\"content-title \">7. <strong>VARSTVO PODATKOV<\/strong><\/h3><h4 class=\"content-subtitle rea-hidden\"><\/h4><\/div><\/div>\n\n\n\n<div class=\"wp-block-rea-paragraph-rea-paragraph-block rea-paragraph-block front\"><div class=\"rea-paragraph-block__content\"><p class=\"content-text\">Na\u0161e Obvestilo o zasebnosti in Obvestilo o pi\u0161kotkih navajata pogoje, pod katerimi obdelujemo kakr\u0161ne koli osebne podatke, ki jih zberemo od vas ali nam jih posredujete vi. Ob dostopu do spletnega mesta se morate strinjati s pogoji Obvestila o zasebnosti in Obvestila o pi\u0161kotkih. Pogoji v Obvestilu o zasebnosti in Obvestilu o pi\u0161kotkih so nelo\u010dljivi del teh pogojev uporabe.<br>Nekatere storitve, ki jih ponuja to spletno mesto, ne zahtevajo predhodne identifikacije, zato vam omogo\u010damo dostop do vsebine teh storitev, ne da bi vam bilo treba razkriti svojo identiteto.<\/p><\/div><\/div>\n\n\n\n<div class=\"wp-block-rea-title-rea-title-block rea-title-block front\"><div class=\"rea-title-block__content\"><h3 id=\"8-strongpovezave-na-spletne-strani-drube-okvirjistrong\" class=\"content-title \">8. <strong>POVEZAVE NA SPLETNE STRANI DRU\u017dBE, OKVIRJI<\/strong><\/h3><h4 class=\"content-subtitle rea-hidden\"><\/h4><\/div><\/div>\n\n\n\n<div class=\"wp-block-rea-paragraph-rea-paragraph-block rea-paragraph-block front\"><div class=\"rea-paragraph-block__content\"><p class=\"content-text\">Povezavo do na\u0161e za\u010detne spletne strani lahko vzpostavite, \u010de to naredite na na\u010din, ki je pravi\u010den in zakonit ter ne \u0161kodi na\u0161emu ugledu ali ga izkori\u0161\u010da. Povezave ne smete vzpostaviti na tak na\u010din, ki bi nakazoval kakr\u0161no koli obliko sodelovanja, odobritve ali podpore z na\u0161e strani tam, kjer je ni.<\/p><\/div><\/div>\n\n\n\n<div class=\"wp-block-rea-title-rea-title-block rea-title-block front\"><div class=\"rea-title-block__content\"><h3 id=\"9-strongskladnoststrong\" class=\"content-title \">9. <strong>SKLADNOST<\/strong><\/h3><h4 class=\"content-subtitle rea-hidden\"><\/h4><\/div><\/div>\n\n\n\n<div class=\"wp-block-rea-paragraph-rea-paragraph-block rea-paragraph-block front\"><div class=\"rea-paragraph-block__content\"><p class=\"content-text\">Neskladnost s temi pogoji uporabe predstavlja pomembno kr\u0161itev pogojev, pod katerimi vam je dovoljena uporaba tega spletnega mesta, posledica pa je lahko, da izvedemo vse ali katere koli od naslednjih ukrepov:<\/p><\/div><\/div>\n\n\n\n<div class=\"wp-block-rea-list-rea-list-block rea-list-block front\"><div class=\"rea-list-block__wrapper\"><div class=\"list-unordered list\"><p>takoj\u0161en, za\u010dasen ali trajen umik va\u0161e pravice do uporabe na\u0161ega spletnega mesta;<\/p><p>takoj\u0161nja, za\u010dasna ali trajna odstranitev kakr\u0161ne koli objave ali gradiva, ki ste ga nalo\u017eili na na\u0161e spletno mesto;<\/p><p>izdaja obvestila;<\/p><p>pravni postopki proti vam za povrnitev vseh stro\u0161kov na podlagi od\u0161kodnine (vklju\u010dno z razumnimi administrativnimi in pravnimi stro\u0161ki, a ne omejeno nanje), ki izhajajo iz kr\u0161itve;<\/p><p>nadaljnji pravni ukrepi proti vam;<\/p><p>razkritje tak\u0161nih informacij organom pregona, \u010de razumno menimo, da je to potrebno.<\/p><\/div><\/div><\/div>\n\n\n\n<div class=\"wp-block-rea-title-rea-title-block rea-title-block front\"><div class=\"rea-title-block__content\"><h3 id=\"10-strongveljavna-zakonodajastrong\" class=\"content-title \">10. <strong>VELJAVNA ZAKONODAJA<\/strong><\/h3><h4 class=\"content-subtitle rea-hidden\"><\/h4><\/div><\/div>\n\n\n\n<div class=\"wp-block-rea-paragraph-rea-paragraph-block rea-paragraph-block front\"><div class=\"rea-paragraph-block__content\"><p class=\"content-text\">Te pogoje uporabe, njihov predmet in oblikovanje (ter morebitne nepogodbene spore ali zahtevke) ureja slovensko pravo. Obe strani se strinjava, da imajo izklju\u010dno pristojnost sodi\u0161\u010da v Republiki Sloveniji.<\/p><\/div><\/div>\n\n\n\n<div class=\"wp-block-rea-title-rea-title-block rea-title-block front\"><div class=\"rea-title-block__content\"><h3 id=\"11-strongstrongstopite-v-stik-z-namistrongstrong\" class=\"content-title \">11. <strong><strong>STOPITE V STIK Z NAMI<\/strong><\/strong><\/h3><h4 class=\"content-subtitle rea-hidden\"><\/h4><\/div><\/div>\n\n\n\n<div class=\"wp-block-rea-paragraph-rea-paragraph-block rea-paragraph-block front\"><div class=\"rea-paragraph-block__content\"><p class=\"content-text\"><br>\u010ce imate kakr\u0161na koli vpra\u0161anja v zvezi s spletnim mestom ali temi pogoji uporabe, stopite v stik z na\u0161o dru\u017ebo (telefonska \u0161tevilka: +386 8 205 68 70, elektronski naslov: <a href=\"mailto:info@richter.si\">info@richter.si<\/a>).<br><\/p><\/div><\/div>\n<div class=\"wp-block-rea-title-rea-title-block rea-title-block front rea-share-block\" style=\"margin-bottom:30px;text-align:center;\">\n\t\t<div class=\"\">\n\t\t\t<span style=\"display:block;margin-bottom:10px;font-size:20px;\">Share<\/span>\n\t\t\t<a href=\"https:\/\/www.facebook.com\/sharer\/sharer.php?u=https:\/\/shizofrenija.si\/javno\/wp-json\/wp\/v2\/pages\/190\" class=\"facebook-share\" target=\"_blank\"><\/a>\n\t\t\t<a href=\"https:\/\/www.linkedin.com\/shareArticle?mini=true&#038;url=https:\/\/shizofrenija.si\/javno\/wp-json\/wp\/v2\/pages\/190\" class=\"linkedin-share\" target=\"_blank\"><\/a>\n\t\t<\/div>\n\t<\/div>","protected":false},"excerpt":{"rendered":"<p>Share<\/p>\n","protected":false},"author":1,"featured_media":0,"parent":0,"menu_order":0,"comment_status":"closed","ping_status":"closed","template":"page-fullwidth.php","meta":{"_acf_changed":false,"rea_page_title_signed_in_meta_block_field":"","rea_page_title_signed_out_meta_block_field":"","rea_page_description_signed_in_meta_block_field":"","rea_page_description_signed_out_meta_block_field":"","rea_page_footer_id_meta_block_field":"","rea_page_footer_date_meta_block_field":"","footnotes":""},"class_list":["post-190","page","type-page","status-publish","hentry"],"acf":[],"_links":{"self":[{"href":"https:\/\/shizofrenija.si\/javno\/wp-json\/wp\/v2\/pages\/190","targetHints":{"allow":["GET"]}}],"collection":[{"href":"https:\/\/shizofrenija.si\/javno\/wp-json\/wp\/v2\/pages"}],"about":[{"href":"https:\/\/shizofrenija.si\/javno\/wp-json\/wp\/v2\/types\/page"}],"author":[{"embeddable":true,"href":"https:\/\/shizofrenija.si\/javno\/wp-json\/wp\/v2\/users\/1"}],"replies":[{"embeddable":true,"href":"https:\/\/shizofrenija.si\/javno\/wp-json\/wp\/v2\/comments?post=190"}],"version-history":[{"count":10,"href":"https:\/\/shizofrenija.si\/javno\/wp-json\/wp\/v2\/pages\/190\/revisions"}],"predecessor-version":[{"id":2965,"href":"https:\/\/shizofrenija.si\/javno\/wp-json\/wp\/v2\/pages\/190\/revisions\/2965"}],"wp:attachment":[{"href":"https:\/\/shizofrenija.si\/javno\/wp-json\/wp\/v2\/media?parent=190"}],"curies":[{"name":"wp","href":"https:\/\/api.w.org\/{rel}","templated":true}]}}