{"id":2221,"date":"2020-01-14T12:54:18","date_gmt":"2020-01-14T11:54:18","guid":{"rendered":"https:\/\/shizofrenija.si\/javno\/?page_id=2221"},"modified":"2025-12-19T08:04:50","modified_gmt":"2025-12-19T07:04:50","slug":"simptomi","status":"publish","type":"page","link":"https:\/\/shizofrenija.si\/javno\/simptomi\/","title":{"rendered":"Simptomi"},"content":{"rendered":"\n<div class=\"wp-block-rea-inpage-nav-rea-inpage-nav-block rea-inpage-nav-block front has-margin\"><div class=\"rea-inpage-nav-block__image\" style=\"background-image: url(https:\/\/shizofrenija.si\/javno\/wp-content\/uploads\/2019\/03\/wooden.png)\"><img decoding=\"async\" class=\"inpage-nav-background\" alt=\"\" src=\"https:\/\/shizofrenija.si\/javno\/wp-content\/uploads\/2019\/03\/wooden.png\"><\/div><div class=\"rea-inpage-nav-block__content\"><div class=\"rea-inpage-nav-block__content--wrapper\"><div class=\"text-wrapper\"><h2 class=\"inpage-nav-title\">Simptomi<\/h2><ul class=\"inpage-nav-list\"><li>Zelo dolgo so na shizofrenijo gledali kot na &#8220;blodnjo&#8221;: zdaj je jasno, da gre za napredujo\u010do motnjo, katere simptomi imajo ve\u010d razse\u017enosti.<\/li><\/ul><\/div><div class=\"section-nav\"><h4 class=\"section-nav--title\">V tem razdelku<\/h4><div class=\"section-nav--nav-items js-inpage-nav-items\"><\/div><\/div><\/div><\/div><\/div>\n\n\n\n<div class=\"wp-block-rea-paragraph-rea-paragraph-block rea-paragraph-block front\"><div class=\"rea-paragraph-block__content\"><p class=\"content-text\">Osebe s shizofrenijo imajo lahko razli\u010dne simptome, ki lahko vplivajo na njihovo kakovost \u017eivljenja.<sup>1<\/sup><br>Ti simptomi se obi\u010dajno za\u010dnejo pojavljati v mladosti, med 16. in 30. letom.<sup>2<\/sup><br>Zdravnik bo ocenil simptome ter postavil diagnozo. Danes obstajajo zanesljiva orodja za diagnosticiranje shizofrenije in u\u010dinkovita zdravljenja, s katerimi je mogo\u010de bla\u017eiti simptome in ki imajo le blage ne\u017eelene u\u010dinke.<sup>3<\/sup><br>  <br>Po mnenju zdravni\u0161ke skupnosti je mogo\u010de simptome shizofrenije razvrstiti v tri klju\u010dne kategorije, ki so navedene spodaj:<sup>2<\/sup><\/p><\/div><\/div>\n\n\n\n<div class=\"wp-block-rea-list-rea-list-block rea-list-block front\"><div class=\"rea-list-block__wrapper\"><div class=\"list-unordered list\"><p> <strong>Pozitivni<\/strong><\/p><p> <strong>Negativni<\/strong> <\/p><p> <strong>Kognitivni<\/strong> <\/p><\/div><\/div><\/div>\n\n\n\n<div class=\"wp-block-rea-title-rea-title-block rea-title-block front\"><div class=\"rea-title-block__content\"><h3 id=\"-strongkateri-so-pozitivni-simptomi-shizofrenijestrong\" class=\"content-title \"> <strong>Kateri so pozitivni simptomi shizofrenije?<\/strong><\/h3><h4 class=\"content-subtitle rea-hidden\"><\/h4><\/div><\/div>\n\n\n\n<div class=\"wp-block-rea-paragraph-rea-paragraph-block rea-paragraph-block front\"><div class=\"rea-paragraph-block__content\"><p class=\"content-text\">Pri ljudeh s shizofrenijo se <strong>pozitivni <\/strong>simptomi ka\u017eejo z nenavadnim vedenjem in ob\u010dutki izgube stika z resni\u010dnostjo.<sup>2<\/sup> Pri ve\u010dini ljudeh s shizofrenijo ti ob\u010dutki pridejo in gredo, lahko pa so prisotni tudi dlje \u010dasa.<sup>2<\/sup> Pogosto so ti simptomi tudi spregledani.<sup>2<\/sup> Med njimi so lahko:<\/p><\/div><\/div>\n\n\n\n<div class=\"wp-block-rea-list-rea-list-block rea-list-block front\"><div class=\"rea-list-block__wrapper\"><div class=\"list-unordered list\"><p><em>Zaznavne motnje: <\/em>\u010clovek lahko vidi, sli\u0161i, voha, oku\u0161a ali \u010duti stvari, ki niso resni\u010dne. Pogosto je sli\u0161anje glasov, pri \u010demer lahko prete\u010de precej \u010dasa, preden dru\u017eina ali prijatelji opazijo, da se dogaja nekaj nenavadnega.<sup>2<\/sup> <\/p><p><em>Blodnje<\/em>:   Ljudje lahko verjamejo v stvari, ki niso resni\u010dne. Lahko, na primer, verjamejo, da so ogro\u017eeni ali da drugi v njihovi okolici govorijo o njih, \u010deprav to ni res.<sup> 2<\/sup> <\/p><p><em>Spoznavne (kognitivne) motnje<\/em>:   Na\u010din njihovega razmi\u0161ljanja se lahko zdi nelogi\u010den in imajo te\u017eave pri organizaciji svojih misli. Ni nenavadno, da na sredini stavka utihnejo.<sup> 2<\/sup> <\/p><p><em>Motnje gibanja<\/em>: Njihovi gibi so lahko nenormalni ali ponavljajo\u010di se ali pa se, v redkih primerih, prenehajo gibati (katatonija).<sup> 2<\/sup> <\/p><\/div><\/div><\/div>\n\n\n\n<div class=\"wp-block-rea-separator-rea-separator-block rea-separator-block front\"><div class=\"rea-separator-block__content\"><hr class=\"rea-separator-block__separator\"><\/div><\/div>\n\n\n\n<div class=\"wp-block-rea-title-rea-title-block rea-title-block front\"><div class=\"rea-title-block__content\"><h3 id=\"strongkateri-so-negativni-simptomi-shizofrenijestrong\" class=\"content-title \"><strong>Kateri so negativni simptomi shizofrenije?<\/strong><\/h3><h4 class=\"content-subtitle rea-hidden\"><\/h4><\/div><\/div>\n\n\n\n<div class=\"wp-block-rea-paragraph-rea-paragraph-block rea-paragraph-block front\"><div class=\"rea-paragraph-block__content\"><p class=\"content-text\">Pri ljudeh s shizofrenijo se <strong>negativni <\/strong>simptomi ka\u017eejo v umiku iz dru\u017ebe in te\u017eavah pri izra\u017eanju \u010dustev.<sup>2<\/sup> Te simptome je te\u017eje prepoznati kot pozitivne, mogo\u010de pa jih je zamenjati tudi za depresijo ali druga stanja.<sup>2<\/sup> Ljudje s shizofrenijo lahko do\u017eivljajo naslednje:<\/p><\/div><\/div>\n\n\n\n<div class=\"wp-block-rea-list-rea-list-block rea-list-block front\"><div class=\"rea-list-block__wrapper\"><div class=\"list-unordered list\"><p>zmanj\u0161ano \u010dustvovanje in izra\u017eanje ter govorjenje z medlim glasom (splitveno \u010dustvovanje),<sup>2,4<\/sup><\/p><p>osiroma\u0161en govor, tudi \u010de obstaja kaj pomembnega, kar bi bilo treba povedati (alogija),<sup> 2,4<\/sup> <\/p><p>nezmo\u017enost u\u017eivanja (anhedonija),<sup>2,4<\/sup> <\/p><p>umik iz dru\u017ebe, ignoriranje vsakodnevnih dejavnosti (asocialnost),<sup> 2,4<\/sup> <\/p><p>pomanjkanje motivacije, ob\u010dutka smisla ali zmo\u017enosti uresni\u010devanja na\u010drtov (avolicija, apatija).<sup> 2,4<\/sup> <\/p><\/div><\/div><\/div>\n\n\n\n<div class=\"wp-block-rea-paragraph-rea-paragraph-block rea-paragraph-block front\"><div class=\"rea-paragraph-block__content\"><p class=\"content-text\">\u010ce je pri osebi diagnosticirana shizofrenija, za katero so v glavnem zna\u010dilni negativni simptomi, bo zdravnik ocenil, ali gre za <strong>primarne <\/strong>ali <strong>sekundarne <\/strong>simptome.<sup>5<\/sup> Primarni negativni simptomi veljajo za bistvene simptome shizofrenije, sekundarni negativni simptomi pa so posledica pozitivnih simptomov.<sup>5<\/sup><br> <br>Sekundarni negativni simptomi se lahko pojavijo zaradi:<\/p><\/div><\/div>\n\n\n\n<div class=\"wp-block-rea-list-rea-list-block rea-list-block front\"><div class=\"rea-list-block__wrapper\"><div class=\"list-unordered list\"><p>nevrolo\u0161kih ne\u017eelenih u\u010dinkov, na primer ekstrapiramidalnih ne\u017eelenih u\u010dinkov, ki jih povzro\u010dajo zdravila, akutne distonije, parkinsonizma, ki ga povzro\u010dajo antipsihotiki, in te\u017eav z gibanjem;<sup>5<\/sup> <\/p><p>depresije, na primer depresije po psihozi ali depresije, ki jo povzro\u010dajo antipsihotiki;<sup>5<\/sup> <\/p><p>okoljskih dejavnikov, kot je, na primer, pomanjkanje socialne stimulacije, ki se pojavi po dolgotrajni hospitalizaciji.<sup>5<\/sup> <\/p><\/div><\/div><\/div>\n\n\n\n<div class=\"wp-block-rea-separator-rea-separator-block rea-separator-block front\"><div class=\"rea-separator-block__content\"><hr class=\"rea-separator-block__separator\"><\/div><\/div>\n\n\n\n<div class=\"wp-block-rea-title-rea-title-block rea-title-block front\"><div class=\"rea-title-block__content\"><h3 id=\"strongkateri-so-kognitivni-simptomi-shizofrenijestrong\" class=\"content-title \"><strong>Kateri so kognitivni simptomi shizofrenije?<\/strong><\/h3><h4 class=\"content-subtitle rea-hidden\"><\/h4><\/div><\/div>\n\n\n\n<div class=\"wp-block-rea-paragraph-rea-paragraph-block rea-paragraph-block front\"><div class=\"rea-paragraph-block__content\"><p class=\"content-text\">Pri nekaterih pacientih so <strong>kognitivni <\/strong>simptomi shizofrenije komaj zaznavni, pri drugih pa so lahko resnej\u0161i.<sup>2<\/sup> Kognitivne simptome je te\u017eko zaznati in lahko je potrebno posebno ocenjevanje.<sup>2<\/sup> \u010ce se pri osebi s shizofrenijo ka\u017eejo kognitivni simptomi, lahko pri sebi opazi:<br><br><\/p><\/div><\/div>\n\n\n\n<div class=\"wp-block-rea-list-rea-list-block rea-list-block front\"><div class=\"rea-list-block__wrapper\"><div class=\"list-unordered list\"><p>pomanjkanje sposobnosti obdelave informacij in odlo\u010danja,<sup>2<\/sup> <\/p><p>te\u017eave z osredoto\u010danjem na opravilo,<sup>2<\/sup> <\/p><p>te\u017eave s kratkoro\u010dnim (delovnim) spominom.<sup>2<\/sup> <\/p><\/div><\/div><\/div>\n\n\n\n<div class=\"wp-block-rea-separator-rea-separator-block rea-separator-block front\"><div class=\"rea-separator-block__content\"><hr class=\"rea-separator-block__separator\"><\/div><\/div>\n\n\n\n<div class=\"wp-block-rea-title-rea-title-block rea-title-block front\"><div class=\"rea-title-block__content\"><h3 id=\"strongkaken-je-vzorec-simptomov-shizofrenijestrong\" class=\"content-title \"><strong>Kak\u0161en je vzorec simptomov shizofrenije?<\/strong><\/h3><h4 class=\"content-subtitle rea-hidden\"><\/h4><\/div><\/div>\n\n\n\n<div class=\"wp-block-rea-paragraph-rea-paragraph-block rea-paragraph-block front\"><div class=\"rea-paragraph-block__content\"><p class=\"content-text\">Shizofrenija se obi\u010dajno za\u010dne s prodromalnim obdobjem, ki lahko traja od nekaj dni do 18 mesecev, oseba pa lahko opazi poslab\u0161anje svojega funkcioniranja ali te\u017eave s spominom in koncentracijo.<sup>6<\/sup> Prodromalnemu obdobju sledi prva epizoda psihoze, ki se izra\u017ea z blodnjami, zaznavnimi motnjami, vedenjskimi motnjami in stisko.<sup>6<\/sup><br>Prvi epizodi psihoze sledi \u00bbrezidualna\u00ab faza, ki traja ve\u010d let in jo lahko prekinjajo ponavljajo\u010de se akutne psihoti\u010dne epizode.<sup>6<\/sup> Akutne epizode je mogo\u010de nadzorovati z ustreznimi farmakolo\u0161kimi in psiholo\u0161kimi intervencami.<sup>6<\/sup><br> <br>To je kratek pregled simptomov shizofrenije. Potek stanja se med posamezniki zelo razlikuje in simptomi pri dveh osebah nikoli niso popolnoma enaki.<sup>6<\/sup> Pozitivni simptomi pri nekaterih trajajo zelo malo \u010dasa, pri drugih ve\u010d let, tretji pa celo presko\u010dijo prodromalno obdobje.<sup>6<\/sup><br><br><\/p><\/div><\/div>\n\n\n\n<div class=\"wp-block-rea-illustration-rea-illustration-block rea-illustration-block front\"><img class=\"illustration-bg\" alt=\"\"><div class=\"rea-illustration-block__content\"><div class=\"rea-illustration-block__image image-wrapper\"><a href=\"https:\/\/shizofrenija.si\/javno\/wp-content\/uploads\/2021\/07\/K008_01_1366px_SI.png\" rel=\"noopener noreferrer\" target=\"_blank\" class=\"\"><img decoding=\"async\" class=\"illustration center\" alt=\"Negativni simptomi med potekom shizofrenije. Prirejeno po Millan et al., 2014.\" src=\"https:\/\/shizofrenija.si\/javno\/wp-content\/uploads\/2021\/07\/K008_01_1366px_SI.png\" style=\"max-width: 100%\"><img decoding=\"async\" class=\"rea-mobile illustration-mobile\" alt=\"Negativni simptomi med potekom shizofrenije. Prirejeno po Millan et al., 2014.\" src=\"https:\/\/shizofrenija.si\/javno\/wp-content\/uploads\/2021\/07\/K008_01_1366px_SI.png\"><\/a><\/div><p class=\"rea-site__caption caption-text align-center\">Negativni simptomi med potekom shizofrenije. Prirejeno po Millan et al., 2014.<\/p><\/div><\/div>\n\n\n\n<div class=\"wp-block-rea-paragraph-rea-paragraph-block rea-paragraph-block front\"><div class=\"rea-paragraph-block__content\"><p class=\"content-text\">\u010ce \u017eelite izvedeti ve\u010d o diagnosticiranju shizofrenije, obi\u0161\u010dite <a href=\"https:\/\/shizofrenija.si\/javno\/diagnoza\">razdelek o diagnozi<\/a>. <\/p><\/div><\/div>\n\n\n\n<div class=\"wp-block-rea-references-rea-references-block rea-references-block front\"><div class=\"rea-references-block__references\"><p class=\"references-title\">Viri<\/p><ol class=\"references-list\"><li>Arsova S. Open Access Maced J Med Sci. 2016;4(3):388-391<\/li><li>National Institute of Mental Health. Schizophrenia: <a href=\"https:\/\/www.nimh.nih.gov\/health\/publications\/schizophrenia\/index.shtml\" rel=\"nofollow noopener\" target=\"_blank\">https:\/\/www.nimh.nih.gov\/health\/publications\/schizophrenia\/index.shtml<\/a><\/li><li>National Institutes of Health. Schizophrenia NIH Factsheet 2010: <a href=\"https:\/\/report.nih.gov\/nihfactsheets\/viewfactsheet.aspx?csid=67\" rel=\"nofollow noopener\" target=\"_blank\">https:\/\/report.nih.gov\/nihfactsheets\/viewfactsheet.aspx?csid=67<\/a><\/li><li>Tandon R. Current Psychiatry 2002;1(9):36-42<\/li><li>Kirschner M. Schizophr Res. 2017; 186:29-38<\/li><li>NICE CG 178<\/li><li>Millan et al. Eur Neuropsychopharmacol. 2014; 24(5):645-92<\/li><\/ol><\/div><\/div>\n\n\n\n\n<div class=\"wp-block-rea-title-rea-title-block rea-title-block front rea-share-block\" style=\"margin-bottom:30px;text-align:center;\">\n\t\t<div class=\"\">\n\t\t\t<span style=\"display:block;margin-bottom:10px;font-size:20px;\">Share<\/span>\n\t\t\t<a href=\"https:\/\/www.facebook.com\/sharer\/sharer.php?u=https:\/\/shizofrenija.si\/javno\/wp-json\/wp\/v2\/pages\/2221\" class=\"facebook-share\" target=\"_blank\"><\/a>\n\t\t\t<a href=\"https:\/\/www.linkedin.com\/shareArticle?mini=true&#038;url=https:\/\/shizofrenija.si\/javno\/wp-json\/wp\/v2\/pages\/2221\" class=\"linkedin-share\" target=\"_blank\"><\/a>\n\t\t<\/div>\n\t<\/div>","protected":false},"excerpt":{"rendered":"<p>Share<\/p>\n","protected":false},"author":1,"featured_media":2376,"parent":0,"menu_order":0,"comment_status":"closed","ping_status":"closed","template":"page-fullwidth.php","meta":{"_acf_changed":false,"rea_page_title_signed_in_meta_block_field":"Simptomi","rea_page_title_signed_out_meta_block_field":"Simptomi","rea_page_description_signed_in_meta_block_field":"Osebe s shizofrenijo imajo lahko razli\u010dne simptome, ki lahko vplivajo na njihovo kakovost \u017eivljenja.1 Ti simptomi se obi\u010dajno za\u010dnejo pojavljati v mladosti, med 16. in 30. letom.2","rea_page_description_signed_out_meta_block_field":"Osebe s shizofrenijo imajo lahko razli\u010dne simptome, ki lahko vplivajo na njihovo kakovost \u017eivljenja.1 Ti simptomi se obi\u010dajno za\u010dnejo pojavljati v mladosti, med 16. in 30. letom.2","rea_page_footer_id_meta_block_field":"","rea_page_footer_date_meta_block_field":"","footnotes":""},"class_list":["post-2221","page","type-page","status-publish","has-post-thumbnail","hentry"],"acf":[],"_links":{"self":[{"href":"https:\/\/shizofrenija.si\/javno\/wp-json\/wp\/v2\/pages\/2221","targetHints":{"allow":["GET"]}}],"collection":[{"href":"https:\/\/shizofrenija.si\/javno\/wp-json\/wp\/v2\/pages"}],"about":[{"href":"https:\/\/shizofrenija.si\/javno\/wp-json\/wp\/v2\/types\/page"}],"author":[{"embeddable":true,"href":"https:\/\/shizofrenija.si\/javno\/wp-json\/wp\/v2\/users\/1"}],"replies":[{"embeddable":true,"href":"https:\/\/shizofrenija.si\/javno\/wp-json\/wp\/v2\/comments?post=2221"}],"version-history":[{"count":42,"href":"https:\/\/shizofrenija.si\/javno\/wp-json\/wp\/v2\/pages\/2221\/revisions"}],"predecessor-version":[{"id":3492,"href":"https:\/\/shizofrenija.si\/javno\/wp-json\/wp\/v2\/pages\/2221\/revisions\/3492"}],"wp:featuredmedia":[{"embeddable":true,"href":"https:\/\/shizofrenija.si\/javno\/wp-json\/wp\/v2\/media\/2376"}],"wp:attachment":[{"href":"https:\/\/shizofrenija.si\/javno\/wp-json\/wp\/v2\/media?parent=2221"}],"curies":[{"name":"wp","href":"https:\/\/api.w.org\/{rel}","templated":true}]}}