{"id":2332,"date":"2020-01-14T14:49:55","date_gmt":"2020-01-14T13:49:55","guid":{"rendered":"https:\/\/shizofrenija.si\/javno\/?page_id=2332"},"modified":"2025-12-19T08:04:50","modified_gmt":"2025-12-19T07:04:50","slug":"kako-shizofrenija-vpliva-na-vase-zivljenje","status":"publish","type":"page","link":"https:\/\/shizofrenija.si\/javno\/kako-shizofrenija-vpliva-na-vase-zivljenje\/","title":{"rendered":"Kako shizofrenija vpliva na va\u0161e \u017eivljenje?"},"content":{"rendered":"\n<div class=\"wp-block-rea-hero-banner-rea-hero-banner-block rea-hero-banner-block front  no-btn\"><div class=\"rea-hero-banner-block__image\" style=\"background-image: url(https:\/\/shizofrenija.si\/javno\/wp-content\/uploads\/2019\/03\/wooden.png)\"><img decoding=\"async\" class=\"hero-banner-background\" alt=\"\" src=\"https:\/\/shizofrenija.si\/javno\/wp-content\/uploads\/2019\/03\/wooden.png\"><\/div><div class=\"rea-hero-banner-block__content\"><div class=\"rea-hero-banner-block__content--wrapper\"><div class=\"text-wrapper\"><h1 class=\"hero-banner-title\">Kako shizofrenija vpliva na va\u0161e \u017eivljenje?<\/h1><p class=\"hero-banner-text\">Bli\u017enjim, ki se borijo s shizofrenijo, dajte \u010das in se usmerite k majhnim, a realnim korakom. Izra\u017eajte se in komunicirajte na preprost na\u010din: pomembno je pravilno ubesedenje sporo\u010dila.<\/p><a class=\"button__primary button-text\" href=\"\"><\/a><p class=\"hero-banner-signed-out-text js-hide-dc-signed-in\"><\/p><\/div><div class=\"image-wrapper\"><img decoding=\"async\" class=\"hero-banner-image js-rea-parallax\" alt=\"\" src=\"https:\/\/shizofrenija.si\/javno\/wp-content\/uploads\/2020\/04\/cropped.jpg\"><\/div><\/div><\/div><\/div>\n\n\n\n<div class=\"wp-block-rea-paragraph-rea-paragraph-block rea-paragraph-block front\"><div class=\"rea-paragraph-block__content\"><p class=\"content-text\"><br><br>Do\u017eivljanje shizofrenije je pri vsaki osebi, ki se z njo spopada, druga\u010dno. <a href=\"https:\/\/shizofrenija.si\/javno\/simptomi\">Simptomi<\/a> so lahko razli\u010dno izra\u017eeni in razli\u010dno hudi, najverjetneje pa bodo vplivali na \u017eivljenje osebe s shizofrenijo ter njeno dru\u017eino in prijatelje. Ljudje s shizofrenijo pogosto te\u017eko vzdr\u017eujejo tesne odnose. \u010ce ima kdo od va\u0161ih bli\u017enjih shizofrenijo, so vam na voljo informacije o tem, kako mu lahko pomagate. Ne pozabite, da je podpora zelo pomembna za pomo\u010d osebi s shizofrenijo, da oseba ostane v dobrem stanju. Pripravite se, tako da se pou\u010dite o tem, kako lahko shizofrenija vpliva na posameznikovo \u017eivljenje, kar je predstavljeno v nadaljevanju.<br><br><\/p><\/div><\/div>\n\n\n\n<div class=\"wp-block-rea-list-rea-list-block rea-list-block front\"><div class=\"rea-list-block__wrapper\"><div class=\"list-ordered list\"><p><strong>Te\u017eave pri funkcioniranju<\/strong><br>Ljudje s shizofrenijo lahko imajo veliko te\u017eav pri izra\u017eanju svojih \u010dustev in funkcioniranju v vsakodnevnih situacijah.<sup>1<\/sup> Najverjetneje so obrazna mimika, govor in izrazne kretnje pri njih okrnjeni.<sup>2<\/sup> Anksioznost, ki jo povzro\u010dajo halucinacije ali blodnje, je lahko vzrok velike stiske in najverjetneje vpliva na stike z drugimi.<sup>2<\/sup>  <br><br>Ljudi s shizofrenijo lahko prizadenejo tudi ob\u010dutki sramu ali krivde, ki lahko vplivajo celo na odnose z najtesnej\u0161imi prijatelji in dru\u017eino. \u010ce ima kdo od va\u0161ih bli\u017enjih shizofrenijo, ne pozabite, da je pogovor pomemben. Sestra, katere brat je imel shizofrenijo, je pojasnila, da mu je pomagala do ve\u010dje spro\u0161\u010denosti s tem, ko je na miren na\u010din odgovarjala na njegove skrbi in se pogovarjala o obi\u010dajnih vsakodnevnih dejavnostih.<sup>3<\/sup>  <\/p><p><strong>Umik iz dru\u017ebe<\/strong><br>Simptomi shizofrenije, ki jih oseba do\u017eivlja, lahko ljudi v njeni bli\u017eini begajo ali pa jim je zaradi njih neprijetno. Zato se veliko ljudi s shizofrenijo umakne iz dru\u017ebe. \u017dal v zvezi z diagnozo \u0161e vedno obstaja mo\u010dna <a href=\"https:\/\/shizofrenija.si\/javno\/miti-in-resnice\/\">stigmatizacija<\/a> in to lahko resno vpliva na vklju\u010devanje ljudi s shizofrenijo v dru\u017ebo.  <br><br>Opazovati bli\u017enjega kako do\u017eivlja shizofrenijo, je lahko vir stiske; v\u010dasih se boste po\u010dutili jezne, kriti\u010dne in \u0161e posebej \u010dustvene, kar je pojav, znan tudi pod imenom visoka \u010dustvena izraznost.<sup>4<\/sup> Ne pozabite, da so ljudje s shizofrenijo \u0161e posebej ob\u010dutljivi in se zavedajo socialnih znakov. Zaradi visoke \u010dustvene izraznosti se lahko pojavi nova psihoti\u010dna kriza ali potreba po hospitalizaciji.<sup>5<\/sup>  <br><br>Vendar je dru\u017eenje vsekakor zelo verjetno. Oseba s shizofrenijo je pojasnila, da je dru\u017eenje uvrstila na svoj urnik, tudi \u010de je to pomenilo le izhod iz hi\u0161e in sprehod do kavarne. Na voljo so spletni viri za pomo\u010d pri povezovanju ljudi s shizofrenijo s tistimi, ki se z njimi lahko poistovetijo.<sup>6<\/sup>   <\/p><p><strong>Pomanjkanje motivacije<\/strong><br>Zaradi <a href=\"https:\/\/shizofrenija.si\/javno\/simptomi\">negativnih simptomov<\/a> se ljudje s shizofrenijo prenehajo zanimati za osebne cilje, delo ali \u0161olo. Pri osebi s shizofrenijo lahko pri\u010dakujete, da se bo te\u017eko osredoto\u010dila na nalogo in, da ji bo primanjkovalo energije ali motivacije.<sup>1<\/sup> Morda bo te\u017eko delala v obi\u010dajni slu\u017ebi in lahko bo postala nezmo\u017ena za delo, odvisno od resnosti simptomov.<br><br>Ker osebe s shizofrenijo te\u017eko dokon\u010dajo naloge, se lahko zgodi, da imajo nizko samopodobo in da jih navdajajo ob\u010dutki nezadostnosti. Zato se je zelo pomembno usmeriti k pozitivnemu. Poskusite zastavljati majhne, realisti\u010dne cilje in iskati dela ali ve\u0161\u010dine, ki jih bo oseba s shizofrenijo lahko obvladala in bo v njih u\u017eivala.  <br><br>Neka oseba s shizofrenijo je opisala, kako je odkrila, da lahko dela v svobodnem (freelance) poklicu, saj zaradi rokov ostane osredoto\u010dena, \u010de pa se po\u010duti slabo, lahko delo prekine.<sup>6<\/sup> <\/p><\/div><\/div><\/div>\n\n\n\n<div class=\"wp-block-rea-paragraph-rea-paragraph-block rea-paragraph-block front\"><div class=\"rea-paragraph-block__content\"><p class=\"content-text\">\u010ce ima va\u0161 bli\u017enji shizofrenijo ali \u010de jo imate sami, je pomembno, da se pou\u010dite o dejstvih o njej. Ne pozabite brati zanesljivih virov in lo\u010dite <a href=\"https:\/\/shizofrenija.si\/javno\/miti-in-resnice\/\">mite od resnice<\/a>. Pou\u010dite se o <a href=\"https:\/\/shizofrenija.si\/javno\/simptomi\">znakih in simptomih shizofrenije<\/a>, na katere morate biti pozorni, ter o tem, <a href=\"https:\/\/shizofrenija.si\/javno\/kako-lahko-pomagam-nekomu-s-shizofrenijo\">kako lahko pomagate<\/a> drugim, ki do\u017eivljajo shizofrenijo.<\/p><\/div><\/div>\n\n\n\n<div class=\"wp-block-rea-references-rea-references-block rea-references-block front\"><div class=\"rea-references-block__references\"><p class=\"references-title\">Viri<\/p><ol class=\"references-list\"><li>NHS, Symptoms, 2016. <a href=\"https:\/\/www.nhs.uk\/conditions\/schizophrenia\/symptoms\/\" rel=\"nofollow noopener\" target=\"_blank\">https:\/\/www.nhs.uk\/conditions\/schizophrenia\/symptoms\/<\/a> [Accessed Jul 2019]<\/li><li>NIMH, Schizophrenia, 2016. <a href=\"https:\/\/www.nimh.nih.gov\/health\/topics\/schizophrenia\/index.shtml\" rel=\"nofollow noopener\" target=\"_blank\">https:\/\/www.nimh.nih.gov\/health\/topics\/schizophrenia\/index.shtml<\/a> [Accessed Jul 2019]<\/li><li>Mind, Schizophrenia, my brother and me, 2017. <a href=\"https:\/\/www.mind.org.uk\/information-support\/your-stories\/schizophrenia-what-i-wish-someone-had-told-me\/#.XULLm-hKhzo\" rel=\"nofollow noopener\" target=\"_blank\">https:\/\/www.mind.org.uk\/information-support\/your-stories\/schizophrenia-what-i-wish-someone-had-told-me\/#.XULLm-hKhzo<\/a> [Accessed Aug 2019]<\/li><li>Amaresha A, Venkatasubramanian G. Indian J Psychol Med. 2012;34(1):12\u201320<\/li><li>Mantovani LM, Ferretjans R, Mar\u00e7al IM et al. Trends Psychiatry Psychother. 2016;38(2):97-9<\/li><li>Mind, Schizophrenia: What I wish someone had told me, 2017. <a href=\"https:\/\/www.mind.org.uk\/information-support\/your-stories\/schizophrenia-what-i-wish-someone-had-told-me\/#.XULLm-hKhzo\" rel=\"nofollow noopener\" target=\"_blank\">https:\/\/www.mind.org.uk\/information-support\/your-stories\/schizophrenia-what-i-wish-someone-had-told-me\/#.XULLm-hKhzo<\/a> [Accessed Aug 2019]<\/li><\/ol><\/div><\/div>\n\n\n\n\n<div class=\"wp-block-rea-title-rea-title-block rea-title-block front rea-share-block\" style=\"margin-bottom:30px;text-align:center;\">\n\t\t<div class=\"\">\n\t\t\t<span style=\"display:block;margin-bottom:10px;font-size:20px;\">Share<\/span>\n\t\t\t<a href=\"https:\/\/www.facebook.com\/sharer\/sharer.php?u=https:\/\/shizofrenija.si\/javno\/wp-json\/wp\/v2\/pages\/2332\" class=\"facebook-share\" target=\"_blank\"><\/a>\n\t\t\t<a href=\"https:\/\/www.linkedin.com\/shareArticle?mini=true&#038;url=https:\/\/shizofrenija.si\/javno\/wp-json\/wp\/v2\/pages\/2332\" class=\"linkedin-share\" target=\"_blank\"><\/a>\n\t\t<\/div>\n\t<\/div>","protected":false},"excerpt":{"rendered":"<p>Share<\/p>\n","protected":false},"author":1,"featured_media":1171,"parent":0,"menu_order":0,"comment_status":"closed","ping_status":"closed","template":"page-fullwidth.php","meta":{"_acf_changed":false,"rea_page_title_signed_in_meta_block_field":"\u017divljenje s shizofrenijo","rea_page_title_signed_out_meta_block_field":"\u017divljenje s shizofrenijo","rea_page_description_signed_in_meta_block_field":"Do\u017eivljanje shizofrenije je pri vsaki osebi, ki se z njo spopada, druga\u010dno. Simptomi so lahko razli\u010dno izra\u017eeni in razli\u010dno hudi, najverjetneje pa bodo vplivali na \u017eivljenje osebe s shizofrenijo ter njeno dru\u017eino in prijatelje.","rea_page_description_signed_out_meta_block_field":"Do\u017eivljanje shizofrenije je pri vsaki osebi, ki se z njo spopada, druga\u010dno. Simptomi so lahko razli\u010dno izra\u017eeni in razli\u010dno hudi, najverjetneje pa bodo vplivali na \u017eivljenje osebe s shizofrenijo ter njeno dru\u017eino in prijatelje.","rea_page_footer_id_meta_block_field":"","rea_page_footer_date_meta_block_field":"","footnotes":""},"class_list":["post-2332","page","type-page","status-publish","has-post-thumbnail","hentry"],"acf":[],"_links":{"self":[{"href":"https:\/\/shizofrenija.si\/javno\/wp-json\/wp\/v2\/pages\/2332","targetHints":{"allow":["GET"]}}],"collection":[{"href":"https:\/\/shizofrenija.si\/javno\/wp-json\/wp\/v2\/pages"}],"about":[{"href":"https:\/\/shizofrenija.si\/javno\/wp-json\/wp\/v2\/types\/page"}],"author":[{"embeddable":true,"href":"https:\/\/shizofrenija.si\/javno\/wp-json\/wp\/v2\/users\/1"}],"replies":[{"embeddable":true,"href":"https:\/\/shizofrenija.si\/javno\/wp-json\/wp\/v2\/comments?post=2332"}],"version-history":[{"count":36,"href":"https:\/\/shizofrenija.si\/javno\/wp-json\/wp\/v2\/pages\/2332\/revisions"}],"predecessor-version":[{"id":3486,"href":"https:\/\/shizofrenija.si\/javno\/wp-json\/wp\/v2\/pages\/2332\/revisions\/3486"}],"wp:featuredmedia":[{"embeddable":true,"href":"https:\/\/shizofrenija.si\/javno\/wp-json\/wp\/v2\/media\/1171"}],"wp:attachment":[{"href":"https:\/\/shizofrenija.si\/javno\/wp-json\/wp\/v2\/media?parent=2332"}],"curies":[{"name":"wp","href":"https:\/\/api.w.org\/{rel}","templated":true}]}}