{"id":2370,"date":"2020-01-15T07:54:36","date_gmt":"2020-01-15T06:54:36","guid":{"rendered":"https:\/\/shizofrenija.si\/javno\/?page_id=2370"},"modified":"2025-12-19T08:04:49","modified_gmt":"2025-12-19T07:04:49","slug":"kako-lahko-pomagam-nekomu-s-shizofrenijo","status":"publish","type":"page","link":"https:\/\/shizofrenija.si\/javno\/kako-lahko-pomagam-nekomu-s-shizofrenijo\/","title":{"rendered":"Kako lahko pomagam nekomu s shizofrenijo?"},"content":{"rendered":"\n<div class=\"wp-block-rea-inpage-nav-rea-inpage-nav-block rea-inpage-nav-block front has-margin\"><div class=\"rea-inpage-nav-block__image\" style=\"background-image: url(https:\/\/shizofrenija.si\/javno\/wp-content\/uploads\/2019\/03\/wooden.png)\"><img decoding=\"async\" class=\"inpage-nav-background\" alt=\"\" src=\"https:\/\/shizofrenija.si\/javno\/wp-content\/uploads\/2019\/03\/wooden.png\"><\/div><div class=\"rea-inpage-nav-block__content\"><div class=\"rea-inpage-nav-block__content--wrapper\"><div class=\"text-wrapper\"><h2 class=\"inpage-nav-title\">Kako lahko pomagam nekomu s shizofrenijo?<\/h2><p>\u010ce ima nekdo, ki ga poznate, shizofrenijo, ni vedno preprosto vedeti, kako mu pomagati. Vendar lahko naredite veliko. Ne pozabite, da vas skrb za nekoga z du\u0161evno motnjo lahko iz\u010drpa, zato si zapomnite naslednje:\n<\/p><ul class=\"inpage-nav-list\"><li>Njihova shizofrenija ni va\u0161a krivda.<\/li><li>Njihova shizofrenija ni njihova krivda.<\/li><li>Njihove bolezni ne morete ozdraviti.<\/li><li>Njihova prepri\u010danja in zaznavne motnje se jim zdijo zelo resni\u010dni.<\/li><li>Osebe ne smemo ena\u010diti z motnjo.<\/li><li>Tudi najbolj\u0161i se lahko motijo.<\/li><\/ul><\/div><div class=\"section-nav\"><h4 class=\"section-nav--title\"><\/h4><div class=\"section-nav--nav-items js-inpage-nav-items\"><\/div><\/div><\/div><\/div><\/div>\n\n\n\n<div class=\"wp-block-rea-title-rea-title-block rea-title-block front\"><div class=\"rea-title-block__content\"><h3 id=\"\" class=\"content-title rea-hidden\"><\/h3><h4 class=\"content-subtitle \">1. Pou\u010dite se o shizofreniji<\/h4><\/div><\/div>\n\n\n\n<div class=\"wp-block-rea-paragraph-rea-paragraph-block rea-paragraph-block front\"><div class=\"rea-paragraph-block__content\"><p class=\"content-text\">Da bi razumeli faze, simptome in tisto, kar oseba pre\u017eivlja, se je o shizofreniji pomembno pou\u010diti. O shizofreniji je veliko napa\u010dnih informacij, zato si vzemite \u010das, da odkrijete, kaj je mit in kaj resnica.<br><br><\/p><\/div><\/div>\n\n\n\n<div class=\"wp-block-rea-title-rea-title-block rea-title-block front\"><div class=\"rea-title-block__content\"><h3 id=\"\" class=\"content-title rea-hidden\"><\/h3><h4 class=\"content-subtitle \">2. Pou\u010dite se o znakih, ki ka\u017eejo, da se je motnja vrnila <\/h4><\/div><\/div>\n\n\n\n<div class=\"wp-block-rea-paragraph-rea-paragraph-block rea-paragraph-block front\"><div class=\"rea-paragraph-block__content\"><p class=\"content-text\">Pri vsakem posamezniku s shizofrenijo so znaki in potek motnje druga\u010dni. \u010ce prepoznate znake, ki ka\u017eejo, da se posameznik s shizofrenijo morda ne po\u010duti ve\u010d dobro, mu lahko pomagate obvladovati motnjo. Bodite pozorni na:<sup>2<\/sup><\/p><\/div><\/div>\n\n\n\n<div class=\"wp-block-rea-list-rea-list-block rea-list-block front\"><div class=\"rea-list-block__wrapper\"><div class=\"list-unordered list\"><p> izguba apetita,<\/p><p> anksioznost ali stres,<\/p><p>motnje spanja,<\/p><p>sumni\u010davost ali strah,<\/p><p>zaskrbljenost glede motivov drugih,<\/p><p>ob\u010dasno sli\u0161anje glasov,<\/p><p>te\u017eave s koncentracijo.<\/p><\/div><\/div><\/div>\n\n\n\n<div class=\"wp-block-rea-paragraph-rea-paragraph-block rea-paragraph-block front\"><div class=\"rea-paragraph-block__content\"><p class=\"content-text\">\u010ce odkrijete, da se pri njem pojavljajo ti znaki, poskrbite, da bo imel dostop do zdravil, in razmislite o dodatni podpori.<br><br><\/p><\/div><\/div>\n\n\n\n<div class=\"wp-block-rea-title-rea-title-block rea-title-block front\"><div class=\"rea-title-block__content\"><h3 id=\"\" class=\"content-title rea-hidden\"><\/h3><h4 class=\"content-subtitle \">3. Poi\u0161\u010dite vso pomo\u010d specialistov, ki jo lahko najdete <\/h4><\/div><\/div>\n\n\n\n<div class=\"wp-block-rea-paragraph-rea-paragraph-block rea-paragraph-block front\"><div class=\"rea-paragraph-block__content\"><p class=\"content-text\">Za ljudi, ki \u017eivijo s shizofrenijo, je na voljo veliko podpore in storitev. Bolj ko je svetovanje, do katerega imate dostop, strokovno, la\u017eje vam bo v te\u017ejih obdobjih.<br><br><\/p><\/div><\/div>\n\n\n\n<div class=\"wp-block-rea-title-rea-title-block rea-title-block front\"><div class=\"rea-title-block__content\"><h3 id=\"\" class=\"content-title rea-hidden\"><\/h3><h4 class=\"content-subtitle \">4. Prepri\u010dajte se, da jemlje zdravila <\/h4><\/div><\/div>\n\n\n\n<div class=\"wp-block-rea-paragraph-rea-paragraph-block rea-paragraph-block front\"><div class=\"rea-paragraph-block__content\"><p class=\"content-text\">Za posameznika s shizofrenijo je pomembno, da jemlje zdravila, tako kot mu je bilo predpisano. S tem lahko prepre\u010di ponovitev.<sup>2<\/sup> Ko se bo po\u010dutil dobro, poskusite vzpostaviti rutino, ki se je bo dr\u017eal. Sodelujte z njim, da bo obvladal pozabljivost, ki jo morda do\u017eivlja.<br><br><\/p><\/div><\/div>\n\n\n\n<div class=\"wp-block-rea-title-rea-title-block rea-title-block front\"><div class=\"rea-title-block__content\"><h3 id=\"\" class=\"content-title rea-hidden\"><\/h3><h4 class=\"content-subtitle \"><strong>5. Poskrbite za varnost svojega bli\u017enjega<\/strong><\/h4><\/div><\/div>\n\n\n\n<div class=\"wp-block-rea-paragraph-rea-paragraph-block rea-paragraph-block front\"><div class=\"rea-paragraph-block__content\"><p class=\"content-text\">Oseba s shizofrenijo morda te\u017eko jasno razmi\u0161lja in skrbi zase ali za druge.<sup>1<\/sup> \u010ce ima vzdr\u017eevanega dru\u017einskega \u010dlana, ji morda lahko pomagate pri vsakodnevnih opravilih, kot je gospodinjstvo ali nakupovanje. Lahko se tudi samo prepri\u010date, ali je v redu.<br><\/p><\/div><\/div>\n\n\n\n<div class=\"wp-block-rea-title-rea-title-block rea-title-block front\"><div class=\"rea-title-block__content\"><h3 id=\"\" class=\"content-title rea-hidden\"><\/h3><h4 class=\"content-subtitle \"><strong>6. Osebi s shizofrenijo pomagajte poiskati smiselne zaposlitve in se nau\u010diti novih ve\u0161\u010din<\/strong><\/h4><\/div><\/div>\n\n\n\n<div class=\"wp-block-rea-paragraph-rea-paragraph-block rea-paragraph-block front\"><div class=\"rea-paragraph-block__content\"><p class=\"content-text\">Pomembno se je usmeriti na pozitivno, na tisto, v \u010demer u\u017eiva ali kar dobro opravlja. Poskusite zastavljati majhne, realisti\u010dne cilje in pomagajte pri iskanju dela ali ve\u0161\u010din, ki jih bo lahko obvladala in ki bodo smiselne. Ne pozabite, da so te\u017eave s koncentracijo simptom shizofrenije, zato je pomembno, da ste potrpe\u017eljivi.<sup>1<\/sup><br><br><\/p><\/div><\/div>\n\n\n\n<div class=\"wp-block-rea-title-rea-title-block rea-title-block front\"><div class=\"rea-title-block__content\"><h3 id=\"\" class=\"content-title rea-hidden\"><\/h3><h4 class=\"content-subtitle \"><strong>7. Poskrbite zase<\/strong><\/h4><\/div><\/div>\n\n\n\n<div class=\"wp-block-rea-paragraph-rea-paragraph-block rea-paragraph-block front\"><div class=\"rea-paragraph-block__content\"><p class=\"content-text\">Nikoli ni preprosto biti v bli\u017eini nekoga, za katerega veste, da do\u017eivlja simptome shizofrenije. Poskrbite, da boste pozorni na lastne potrebe in da si boste vzeli \u010das zase.<\/p><\/div><\/div>\n\n\n\n<div class=\"wp-block-rea-list-rea-list-block rea-list-block front\"><div class=\"rea-list-block__wrapper\"><div class=\"list-unordered list\"><p> Poi\u0161\u010dite nekoga za pogovor o lastnih ob\u010dutkih.<\/p><p> Ostanite v stiku s prijatelji in dru\u017einskimi \u010dlani.<\/p><p> \u017daljivega vedenja in besed ne jemljite osebno.<\/p><\/div><\/div><\/div>\n\n\n\n<div class=\"wp-block-rea-paragraph-rea-paragraph-block rea-paragraph-block front\"><div class=\"rea-paragraph-block__content\"><p class=\"content-text\">Poi\u0161\u010dite ustanove in organizacije, ki na podro\u010dju du\u0161evnega zdravja delujejo na va\u0161em obmo\u010dju.<\/p><\/div><\/div>\n\n\n\n<div class=\"wp-block-rea-references-rea-references-block rea-references-block front\"><div class=\"rea-references-block__references\"><p class=\"references-title\">Viri<\/p><ol class=\"references-list\"><li>NIMH, Schizophrenia, 2016. <a href=\"https:\/\/www.nimh.nih.gov\/health\/topics\/schizophrenia\/index.shtml\" rel=\"nofollow noopener\" target=\"_blank\">https:\/\/www.nimh.nih.gov\/health\/topics\/schizophrenia\/index.shtml<\/a><sup> <\/sup>[Accessed Jul 2019]<\/li><li>NHS, Living with schizophrenia, 2016. <a href=\"https:\/\/www.nhs.uk\/conditions\/schizophrenia\/living-with\/%20\" rel=\"nofollow noopener\" target=\"_blank\">https:\/\/www.nhs.uk\/conditions\/schizophrenia\/living-with\/ <\/a>[Accessed Jul 2019]<\/li><\/ol><\/div><\/div>\n\n\n\n<div class=\"wp-block-columns is-layout-flex wp-container-core-columns-is-layout-9d6595d7 wp-block-columns-is-layout-flex\">\n<div class=\"wp-block-column is-layout-flow wp-block-column-is-layout-flow\">\n<p class=\"has-text-align-center has-large-font-size\"><strong><a href=\"\/javno\/knjiga-o-shizofreniji\/\">Iskrena knjiga<\/a><\/strong><br><br><\/p>\n<\/div>\n<\/div>\n\n\n\n\n<div class=\"wp-block-rea-title-rea-title-block rea-title-block front rea-share-block\" style=\"margin-bottom:30px;text-align:center;\">\n\t\t<div class=\"\">\n\t\t\t<span style=\"display:block;margin-bottom:10px;font-size:20px;\">Share<\/span>\n\t\t\t<a href=\"https:\/\/www.facebook.com\/sharer\/sharer.php?u=https:\/\/shizofrenija.si\/javno\/wp-json\/wp\/v2\/pages\/2370\" class=\"facebook-share\" target=\"_blank\"><\/a>\n\t\t\t<a href=\"https:\/\/www.linkedin.com\/shareArticle?mini=true&#038;url=https:\/\/shizofrenija.si\/javno\/wp-json\/wp\/v2\/pages\/2370\" class=\"linkedin-share\" target=\"_blank\"><\/a>\n\t\t<\/div>\n\t<\/div>","protected":false},"excerpt":{"rendered":"<p>Iskrena knjiga Share<\/p>\n","protected":false},"author":1,"featured_media":1167,"parent":0,"menu_order":0,"comment_status":"closed","ping_status":"closed","template":"page-fullwidth.php","meta":{"_acf_changed":false,"rea_page_title_signed_in_meta_block_field":"Shizofrenija: kako pomagati?","rea_page_title_signed_out_meta_block_field":"Shizofrenija: kako pomagati?","rea_page_description_signed_in_meta_block_field":"Da bi razumeli faze, simptome in tisto, kar oseba pre\u017eivlja, se je o shizofreniji pomembno pou\u010diti. O shizofreniji je veliko napa\u010dnih informacij, zato si vzemite \u010das, da odkrijete, kaj je mit in kaj resnica.","rea_page_description_signed_out_meta_block_field":"Da bi razumeli faze, simptome in tisto, kar oseba pre\u017eivlja, se je o shizofreniji pomembno pou\u010diti. O shizofreniji je veliko napa\u010dnih informacij, zato si vzemite \u010das, da odkrijete, kaj je mit in kaj resnica.","rea_page_footer_id_meta_block_field":"","rea_page_footer_date_meta_block_field":"","footnotes":""},"class_list":["post-2370","page","type-page","status-publish","has-post-thumbnail","hentry"],"acf":[],"_links":{"self":[{"href":"https:\/\/shizofrenija.si\/javno\/wp-json\/wp\/v2\/pages\/2370","targetHints":{"allow":["GET"]}}],"collection":[{"href":"https:\/\/shizofrenija.si\/javno\/wp-json\/wp\/v2\/pages"}],"about":[{"href":"https:\/\/shizofrenija.si\/javno\/wp-json\/wp\/v2\/types\/page"}],"author":[{"embeddable":true,"href":"https:\/\/shizofrenija.si\/javno\/wp-json\/wp\/v2\/users\/1"}],"replies":[{"embeddable":true,"href":"https:\/\/shizofrenija.si\/javno\/wp-json\/wp\/v2\/comments?post=2370"}],"version-history":[{"count":55,"href":"https:\/\/shizofrenija.si\/javno\/wp-json\/wp\/v2\/pages\/2370\/revisions"}],"predecessor-version":[{"id":3481,"href":"https:\/\/shizofrenija.si\/javno\/wp-json\/wp\/v2\/pages\/2370\/revisions\/3481"}],"wp:featuredmedia":[{"embeddable":true,"href":"https:\/\/shizofrenija.si\/javno\/wp-json\/wp\/v2\/media\/1167"}],"wp:attachment":[{"href":"https:\/\/shizofrenija.si\/javno\/wp-json\/wp\/v2\/media?parent=2370"}],"curies":[{"name":"wp","href":"https:\/\/api.w.org\/{rel}","templated":true}]}}