{"id":3112,"date":"2024-05-13T09:17:13","date_gmt":"2024-05-13T08:17:13","guid":{"rendered":"https:\/\/shizofrenija.si\/javno\/?page_id=3112"},"modified":"2024-10-08T13:49:12","modified_gmt":"2024-10-08T12:49:12","slug":"knjiga-o-shizofreniji","status":"publish","type":"page","link":"https:\/\/shizofrenija.si\/javno\/knjiga-o-shizofreniji\/","title":{"rendered":"Knjiga o shizofreniji"},"content":{"rendered":"<div class=\"wp-block-rea-title-rea-title-block rea-title-block front rea-share-block\" style=\"margin-bottom:30px;text-align:center;\">\n<div class=\"\">\n\t\t\t<span style=\"display:block;margin-bottom:10px;font-size:20px;\">Share<\/span><br \/>\n\t\t\t<a href=\"https:\/\/www.facebook.com\/sharer\/sharer.php?u=https:\/\/shizofrenija.si\/javno\/wp-json\/wp\/v2\/pages\/3112\" class=\"facebook-share\" target=\"_blank\"><\/a><br \/>\n\t\t\t<a href=\"https:\/\/www.linkedin.com\/shareArticle?mini=true&#038;url=https:\/\/shizofrenija.si\/javno\/wp-json\/wp\/v2\/pages\/3112\" class=\"linkedin-share\" target=\"_blank\"><\/a>\n\t\t<\/div>\n<\/p><\/div>\n","protected":false},"excerpt":{"rendered":"<p>Share<\/p>\n","protected":false},"author":1,"featured_media":3385,"parent":0,"menu_order":0,"comment_status":"closed","ping_status":"closed","template":"template-candid-book-chapters.php","meta":{"_acf_changed":false,"rea_page_title_signed_in_meta_block_field":"Knjiga o shizofrenijii","rea_page_title_signed_out_meta_block_field":"Knjiga o shizofrenijii","rea_page_description_signed_in_meta_block_field":"Iskrena knjiga \u2013 za dru\u017eine oseb, ki \u017eivijo s shizofrenijo, vam bo pomagala oblikovati in utemeljiti va\u0161o vlogo skrbnika ter vam pomagala re\u0161evati dileme in odgovoriti na va\u0161a vpra\u0161anja s pomo\u010djo medicinskega znanja, prakti\u010dnih spoznanj, u\u010dinkovitih re\u0161itev in podpore skrbnikom.","rea_page_description_signed_out_meta_block_field":"Iskrena knjiga \u2013 za dru\u017eine oseb, ki \u017eivijo s shizofrenijo, vam bo pomagala oblikovati in utemeljiti va\u0161o vlogo skrbnika ter vam pomagala re\u0161evati dileme in odgovoriti na va\u0161a vpra\u0161anja s pomo\u010djo medicinskega znanja, prakti\u010dnih spoznanj, u\u010dinkovitih re\u0161itev in podpore skrbnikom.","rea_page_footer_id_meta_block_field":"","rea_page_footer_date_meta_block_field":"","footnotes":""},"class_list":["post-3112","page","type-page","status-publish","has-post-thumbnail","hentry"],"acf":[],"_links":{"self":[{"href":"https:\/\/shizofrenija.si\/javno\/wp-json\/wp\/v2\/pages\/3112","targetHints":{"allow":["GET"]}}],"collection":[{"href":"https:\/\/shizofrenija.si\/javno\/wp-json\/wp\/v2\/pages"}],"about":[{"href":"https:\/\/shizofrenija.si\/javno\/wp-json\/wp\/v2\/types\/page"}],"author":[{"embeddable":true,"href":"https:\/\/shizofrenija.si\/javno\/wp-json\/wp\/v2\/users\/1"}],"replies":[{"embeddable":true,"href":"https:\/\/shizofrenija.si\/javno\/wp-json\/wp\/v2\/comments?post=3112"}],"version-history":[{"count":16,"href":"https:\/\/shizofrenija.si\/javno\/wp-json\/wp\/v2\/pages\/3112\/revisions"}],"predecessor-version":[{"id":3415,"href":"https:\/\/shizofrenija.si\/javno\/wp-json\/wp\/v2\/pages\/3112\/revisions\/3415"}],"wp:featuredmedia":[{"embeddable":true,"href":"https:\/\/shizofrenija.si\/javno\/wp-json\/wp\/v2\/media\/3385"}],"wp:attachment":[{"href":"https:\/\/shizofrenija.si\/javno\/wp-json\/wp\/v2\/media?parent=3112"}],"curies":[{"name":"wp","href":"https:\/\/api.w.org\/{rel}","templated":true}]}}