{"id":3232,"date":"2024-05-28T13:03:29","date_gmt":"2024-05-28T12:03:29","guid":{"rendered":"https:\/\/shizofrenija.si\/javno\/?page_id=3232"},"modified":"2025-12-19T08:04:49","modified_gmt":"2025-12-19T07:04:49","slug":"zmaga-proti-vdaji","status":"publish","type":"page","link":"https:\/\/shizofrenija.si\/javno\/zmaga-proti-vdaji\/","title":{"rendered":"Zmaga proti vdaji"},"content":{"rendered":"\n<div class=\"wp-block-rea-inpage-nav-rea-inpage-nav-block rea-inpage-nav-block front has-margin\"><div class=\"rea-inpage-nav-block__image\" style=\"background-image: url(https:\/\/schizophrenia.life\/public\/wp-content\/uploads\/2019\/03\/wooden.png)\"><img decoding=\"async\" class=\"inpage-nav-background\" alt=\"\" src=\"https:\/\/schizophrenia.life\/public\/wp-content\/uploads\/2019\/03\/wooden.png\"><\/div><div class=\"rea-inpage-nav-block__content\"><div class=\"rea-inpage-nav-block__content--wrapper\"><div class=\"text-wrapper\"><h2 class=\"inpage-nav-title\"><strong>Zmaga proti vdaji<\/strong><\/h2><ul class=\"inpage-nav-list\"><\/ul><\/div><div class=\"section-nav\"><h4 class=\"section-nav--title\">V tem razdelku<\/h4><div class=\"section-nav--nav-items js-inpage-nav-items\"><\/div><\/div><\/div><\/div><\/div>\n\n\n\n<div class=\"wp-block-rea-title-rea-title-block rea-title-block front\"><div class=\"rea-title-block__content\"><h3 id=\"strongstrongsprememba-nartovstrongstrong\" class=\"content-title \"><strong><strong>Sprememba na\u010drtov<\/strong><\/strong><\/h3><h4 class=\"content-subtitle rea-hidden\"><\/h4><\/div><\/div>\n\n\n\n<div class=\"wp-block-rea-paragraph-rea-paragraph-block rea-paragraph-block front\"><div class=\"rea-paragraph-block__content\"><p class=\"content-text\">Dru\u017eina ima klju\u010dno vlogo pri zdravljenju<br>shizofrenije. Zagotavlja dolgotrajno oskrbo in stalno pomo\u010d, ve\u010dina obolelih pa ostane pri svojih sorodnikih ali se k njim vrne. V veliki ve\u010dini gospodinjstev so glavni skrbniki star\u0161i. V mnogih primerih odgovornost za oskrbo prevzamejo sami, \u0161e preden izvedo za diagnozo. <br><br>Najpomembnej\u0161i vpliv shizofrenije je, da trajno spremeni vsakdanje \u017eivljenje celotne dru\u017eine. Ker sta vsaka odlo\u010ditev in vsako dejanje osredoto\u010dena na osebo, ki trpi za shizofrenijo, si skrbniki prizadevajo zmanj\u0161ati vpliv motnje na kariero, dru\u017ebeno \u017eivljenje, telesno zdravje in \u010dustveno po\u010dutje svojega bli\u017enjega. Delujejo kot merilo realnosti in so vir podpore, spodbude in zagona. Shizofrenija spremeni tudi na\u010drte, ki jih je imela dru\u017eina za prihodnost svoje ljubljene osebe. Ti na\u010drti so morda vklju\u010devali dokon\u010danje \u0161ole, iskanje zanesljive slu\u017ebe, razvijanje pomembnih prijateljstev, poroko, otroke in sploh uspe\u0161no \u017eivljenje. Vendar je treba upo\u0161tevati, da shizofrenija ne prepre\u010di nujno vseh teh na\u010drtov. Z ustrezno oskrbo in skupnimi prizadevanji celotne dru\u017eine se lahko MNOGI OD TEH NA\u010cRTOV URESNI\u010cIJO.<\/p><\/div><\/div>\n\n\n\n<div class=\"wp-block-rea-illustration-rea-illustration-block rea-illustration-block front\"><img class=\"illustration-bg\" alt=\"\"><div class=\"rea-illustration-block__content\"><div class=\"rea-illustration-block__image image-wrapper\"><a href=\"\" rel=\"noopener noreferrer\" target=\"_blank\" class=\"is-blocked\"><img decoding=\"async\" class=\"illustration left\" alt=\"\" src=\"https:\/\/schizophrenia.life\/public\/wp-content\/uploads\/2023\/12\/Surmount-vs-Surrender.png\" style=\"max-width: 82%\"><img decoding=\"async\" class=\"rea-mobile illustration-mobile\" alt=\"\" src=\"https:\/\/schizophrenia.life\/public\/wp-content\/uploads\/2023\/12\/Surmount-vs-Surrender.png\"><\/a><\/div><p class=\"rea-site__caption caption-text align-left\"><\/p><\/div><\/div>\n\n\n\n<div class=\"wp-block-rea-separator-rea-separator-block rea-separator-block front\"><div class=\"rea-separator-block__content\"><hr class=\"rea-separator-block__separator\"><\/div><\/div>\n\n\n\n<div class=\"wp-block-rea-title-rea-title-block rea-title-block front\"><div class=\"rea-title-block__content\"><h3 id=\"strongsprejemanje-ustevstrong\" class=\"content-title \"><strong>Sprejemanje \u010dustev<\/strong><\/h3><h4 class=\"content-subtitle rea-hidden\"><\/h4><\/div><\/div>\n\n\n\n<div class=\"wp-block-rea-paragraph-rea-paragraph-block rea-paragraph-block front\"><div class=\"rea-paragraph-block__content\"><p class=\"content-text\">Po prvem \u0161oku, ki ga povzro\u010di diagnoza shizofrenije, se mnogim negovalcem zdi, da so izgubili svoje na\u010drte, sanje in pri\u010dakovanja, povezana z osebo, ki jo imajo radi. Bojijo se tudi, da se ne bodo nikoli ve\u010d vrnili v prej\u0161nje stanje. To je naraven odziv, prepoznavanje teh ob\u010dutkov in njihovo sprejemanje pa lahko olaj\u0161ata dolgoro\u010dno uspe\u0161no soo\u010danje z motnjo. To je tudi aktiven proces, ki zahteva delovanje in veliko energije.<br>V tem procesu lahko do\u017eivljate razli\u010dna \u010dustva, kot so jeza, krivda, \u017ealost, otopelost, osamljenost, pa tudi razdra\u017eljivost, te\u017eave s spanjem, izgubo apetita in te\u017eave s koncentracijo. Te ob\u010dutke lahko sprejmete tako, da si dovolite izkusiti celoten \u010dustveni cikel.<br><br>\u010ceprav se sprva ne zdi lahko, je koristno, da iz \u010dustvene otopelosti preidete v sprejemanje novih okoli\u0161\u010din in na svojo prihodnost pogledate z novega zornega kota. \u010ce posku\u0161ate \u010dustveno nelagodje prezreti ali potla\u010diti, se stvari ne bodo izbolj\u0161ale. Nasprotno, va\u0161 poskus jih bo na dolgi rok le \u0161e poslab\u0161al. Morda boste obti\u010dali v stanju otopelosti, \u010dutili jezo, bole\u010dino in zamero. \u010ce ti ob\u010dutki ostanejo nerazre\u0161eni, se lahko prenesejo na druge odnose ali situacije, kamor ne sodijo. Zelo pomembno je upo\u0161tevati, da diagnoza shizofrenije \u0161e ne pomeni, da je to stanje dokon\u010dno. Oseba, za katero skrbite, je \u0161e vedno tam, skrita za simptomi, in veliko na\u010drtov, ki ste jih imeli, je morda \u0161e vedno uresni\u010dljivih ali pa jih je treba le nekoliko prilagoditi. Pravi namen tega, da greste \u010dez vsa ta \u010dustva, je, da se z njimi soo\u010dite in z radovednostjo pristopite k naslednjemu \u017eivljenjskemu obdobju. To vam bo pomagalo sprejeti motnjo in svojo vlogo skrbnika, hkrati pa boste OSEBI, ZA KATERO SKRBITE, ZAGOTOVILI, DA BO LAHKO \u017dIVELA POLNO \u017dIVLJENJE.<\/p><\/div><\/div>\n\n\n\n<div class=\"wp-block-rea-separator-rea-separator-block rea-separator-block front\"><div class=\"rea-separator-block__content\"><hr class=\"rea-separator-block__separator\"><\/div><\/div>\n\n\n\n<div class=\"wp-block-rea-title-rea-title-block rea-title-block front\"><div class=\"rea-title-block__content\"><h3 id=\"strongstrategije-spoprijemanjastrong\" class=\"content-title \"><strong>Strategije spoprijemanja<\/strong><\/h3><h4 class=\"content-subtitle rea-hidden\"><\/h4><\/div><\/div>\n\n\n\n<div class=\"wp-block-rea-illustration-rea-illustration-block rea-illustration-block front\"><img class=\"illustration-bg\" alt=\"\"><div class=\"rea-illustration-block__content\"><div class=\"rea-illustration-block__image image-wrapper\"><a href=\"\" rel=\"noopener noreferrer\" target=\"_blank\" class=\"is-blocked\"><img decoding=\"async\" class=\"illustration left\" alt=\"\" src=\"https:\/\/schizophrenia.life\/public\/wp-content\/uploads\/2023\/12\/Embracing-emotions.png\" style=\"max-width: 52%\"><img decoding=\"async\" class=\"rea-mobile illustration-mobile\" alt=\"\" src=\"https:\/\/schizophrenia.life\/public\/wp-content\/uploads\/2023\/12\/Embracing-emotions.png\"><\/a><\/div><p class=\"rea-site__caption caption-text align-left\"><\/p><\/div><\/div>\n\n\n\n<div class=\"wp-block-rea-paragraph-rea-paragraph-block rea-paragraph-block front\"><div class=\"rea-paragraph-block__content\"><p class=\"content-text\">Skrb za osebo s shizofrenijo lahko terja velik davek za celotno dru\u017eino. Tak\u0161no neugodno stanje imenujemo breme. Ta vrsta bremena je posledica cele palete neprijetnih izku\u0161enj, izzivov, dogodkov, zaznamovanih s stresom, \u010dustvenih te\u017eav in korenitih \u017eivljenjskih sprememb, ki negativno vplivajo na skrbnika. Da bi zmanj\u0161ali telesno in du\u0161evno breme, dru\u017einski \u010dlani oseb s shizofrenijo razvijejo tako imenovane<br><br><strong>STRATEGIJE SPOPRIJEMANJA.<\/strong><br>Na splo\u0161no je spoprijemanje na\u010din, kako se ljudje odzivajo na te\u017eke razmere, ki lahko povzro\u010dijo nepotreben stres. Skrb za dru\u017einskega \u010dlana s shizofrenijo je lahko stalen vir velikega stresa. Kot skrbnik se morate spoprijeti s \u0161tevilnimi te\u017eavami, vklju\u010dno s skrbstvenimi obveznostmi, \u010dustveno stisko, simptomi shizofrenije, sistemom varstva du\u0161evnega zdravja in dru\u017ebeno stigmo. Spoprijemanje s shizofrenijo je torej vse\u017eivljenjski proces. Od prve epizode psihoze in diagnoze, zapisane v zdravstvenem kartonu, do te\u017eav v vsakdanjem \u017eivljenju z negativnimi simptomi.<br><br>Na splo\u0161no obstajajo trije glavni na\u010dini spoprijemanja s stresom:<br>NA\u010cIN, OSREDOTO\u010cEN NA \u010cUSTVA, NA\u010cIN, OSREDOTO\u010cEN NA PROBLEM, in NA\u010cIN, OSREDOTO\u010cEN NA POMEN. Kot pove \u017ee ime, na \u010dustva osredoto\u010deno spoprijemanje, zmanj\u0161uje negativni vpliv stresa na na\u0161a \u010dustva. Cilj spoprijemanja, ki je osredoto\u010deno na re\u0161evanje problemov, je neposredno re\u0161evanje stresnih situacij z re\u0161evanjem problemov ali odpravljanjem izvora stresa. Pri spoprijemanju, ki je osredoto\u010deno na pomen, uporabljamo svoja prepri\u010danja, vrednote in \u017eivljenjski cilj, da bi v te\u017ekem obdobju na\u0161li motivacijo in pozitivnost. Ker so vsaka oseba, vsaka dru\u017eina in vsak primer shizofrenije druga\u010dni, so strategije \u010dustvenega spoprijemanja, ki jih uporabljajo skrbniki, zelo raznolike.<br>Na eni strani tega spektra je popolna POZITIVNOST: ob\u010dutek nadzora, prepri\u010danje, da je vse enako kot prej, in upanje na ozdravitev v ne tako oddaljeni prihodnosti. Na drugi strani je popolna NEGATIVNOST: ob\u010dutek resignacije, prepri\u010danje, da ne bo ni\u010d ve\u010d tako kot prej, in brezup glede prihodnosti.<br>\u00a0<br><strong>1.\u00a0\u00a0\u00a0\u00a0 Na \u010dustva osredoto\u010deno spoprijemanje<\/strong><br>\u0160tudije ka\u017eejo, da dru\u017einski \u010dlani oseb s shizofrenijo uporabljajo predvsem strategije spoprijemanja, ki so osredoto\u010dene na \u010dustva, najpogostej\u0161a strategija pa je izogibanje re\u0161evanju problema. Ta na\u010din spoprijemanja s stresom ni omejen na stres zaradi bolnega dru\u017einskega \u010dlana; pojavlja se lahko v vseh vrstah stresnih situacij. Namesto da bi se soo\u010dili s stresnimi mislimi, jih odrinemo. S tem ne preverimo, ali so bile misli sploh resni\u010dne, saj jih sku\u0161amo z veliko energije za\u0161\u010dititi. S\u010dasoma za\u010dnejo misli, ki smo jih odrinili, vdirati v na\u0161o zavest ali pa nas nepri\u010dakovano zajamejo. Tako imamo ob\u010dutek, da ne moremo nadzirati negativnih \u010dustev in smo jim dolgoro\u010dno prepu\u0161\u010deni na milost in nemilost. Zato jih sku\u0161amo \u0161e bolj zatreti, kar ustvarja za\u010daran krog.<br>Na \u010dustva osredoto\u010deno spoprijemanje je manj koristno pri zmanj\u0161evanju stiske skrbnika. Posledi\u010dno IMA LAHKO MO\u010cAN NEGATIVEN VPLIV ne le na skrbnika, temve\u010d tudi na osebo s shizofrenijo. \u0160tudije so pokazale, da lahko zanikanje kot strategija spoprijemanja z motnjo povzro\u010di veliko obremenitev skrbnika. V nekaterih primerih lahko na \u010dustva osredoto\u010deno spoprijemanje spro\u017ei verigo dogodkov, ki privedejo do popolnega izogibanja dru\u017einskemu \u010dlanu z du\u0161evno motnjo in prepustitev skrbi za osebo psihiatri\u010dnim slu\u017ebam. Na kakovost bolnikovega \u017eivljenja, vklju\u010dno s pogostostjo ponovitev motnje in hospitalizacij, lahko vplivajo tudi mehanizmi spoprijemanja skrbnikov.<br>\u00a0<br><strong>2.\u00a0\u00a0\u00a0\u00a0 Na problem osredoto\u010deno spoprijemanje<\/strong><br>Nasprotno pa so tisti, ki uporabljajo strategije spoprijemanja, ki je osredoto\u010deno na problem, veliko manj obremenjeni. Nekatere od teh strategij vklju\u010dujejo sprejemanje odgovornosti, iskanje informacij, ocenjevanje pozitivnih in negativnih plati, na\u010drtno re\u0161evanje te\u017eav in iskanje socialne podpore. V primeru shizofrenije to pomeni, da je treba sprejeti ukrepe, ki vam in va\u0161i ljubljeni osebi olaj\u0161ajo \u017eivljenje, kot so: vklju\u010ditev v podporne skupine, zagotovitev zdravstvene oskrbe in finan\u010dnih sredstev, uravnote\u017eena prehrana, dovolj spanja, obve\u0161\u010denost itd.<br><br>Iskanje ustrezne podporne skupine lahko pomaga omiliti prvotne ob\u010dutke krivde, zmedenosti in jeze ter vzpostaviti metode obvladovanja stresa, ki nastane, ker ima bli\u017enja oseba shizofrenijo. Pomemben na\u010din je, da odgovornost prenesete na preostale \u010dlane dru\u017eine. To lahko pomaga pri krepitvi ob\u010dutka pripadnosti  in odnosa \u00bbvsi smo v tem skupaj\u00ab, kar lahko dejansko okrepi dru\u017einske vezi. Ta pristop vam in osebi, za katero skrbite, omogo\u010da, da do motnje zavzamete precej aktiven odnos. Namesto da bi se po\u010dutili preobremenjeni z navidezno nere\u0161ljivimi problemi, se jih lahko lotite tako, da jih razdelite na manj\u0161e in la\u017eje re\u0161ljive probleme. Spoprijemanje, osredoto\u010deno na problem, zahteva veliko du\u0161evne in \u010dustvene energije, vendar prina\u0161a tudi najve\u010d koristi za vas in va\u0161o ljubljeno osebo. Poleg tega obstajajo dokazi, da tako spoprijemanje IZBOLJ\u0160A KAKOVOST \u017dIVLJENJA.<br>Poskrbite, da bo va\u0161a ljubljena oseba sodelovala pri vseh odlo\u010ditvah v zvezi z obvladovanjem simptomov, zdravljenjem in celo vsakdanjim \u017eivljenjem. Skupno sprejemanje odlo\u010ditev bo ne le okrepilo vezi med vama, temve\u010d tudi pove\u010dalo mo\u017enosti za uresni\u010ditev odlo\u010ditve.<br>\u00a0<br><strong>3.\u00a0\u00a0\u00a0\u00a0 Na pomen osredoto\u010deno spoprijemanje<\/strong><br>Cilj spoprijemanja, osredoto\u010denega na pomen, je pomagati nam, da stresne \u017eivljenjske dogodke vidimo z drugega zornega kota in da pri tem ustvarimo pozitivna \u010dustva. Ta vrsta spoprijemanja vklju\u010duje strategije, ki omogo\u010dajo aktivno obvladovanje situacije in osmi\u0161ljanje vsakodnevne rutine. Ena od teh strategij je iskanje koristi stresnega dogodka, ki je spremenil na\u0161e \u017eivljenje. Te koristi lahko vklju\u010dujejo pove\u010danje modrosti, potrpe\u017eljivosti in kompetentnosti, izrazito cenjenje \u017eivljenja, bolj\u0161i ob\u010dutek za to, kaj je pomembno, ali varnej\u0161e socialne odnose. Da bi te koristi zares cenili, moramo sami sebe aktivno spominjati na njihov obstoj, pogosto vsakodnevno.<br><br>Druga strategija je prilagajanje ciljev glede na spremenjene okoli\u0161\u010dine. To pomeni, da opustite cilje, ki niso ve\u010d relevantni, in poi\u0161\u010dete nove, ki so koristni. S krepitvijo pozitivnih \u010dustev lahko zmanj\u0161amo stres zaradi opu\u0161\u010danja starih ciljev. Morda boste morali spremeniti tudi vrstni red prednostnih nalog. \u010ceprav je ta proces lahko stresen, vam lahko povrne ob\u010dutek smisla in vam pomaga, da se osredoto\u010dite na najpomembnej\u0161e stvari.<br><br>Tudi obi\u010dajnim dogodkom lahko vdihnete pozitiven pomen. Na primer \u010di\u0161\u010denje za osebo, za katero skrbite, je lahko na\u010din izra\u017eanja ljubezni. \u017delja po dobrem po\u010dutju je zelo pomembna za ohranjanje dobrega du\u0161evnega in telesnega po\u010dutja v te\u017ekih \u010dasih.<br><br>Ljudje se te\u017ekih \u010dasov pogosto spominjajo kot kriti\u010dnih trenutkov, ki so jih spodbudili, da so postali bolj pristne razli\u010dice samih sebe. V teh okoli\u0161\u010dinah imajo pozitivna \u010dustva klju\u010dno vlogo, saj omogo\u010dajo, da ljudje na dolo\u010dene dogodke gledajo v bolj pozitivni lu\u010di, ohranjajo energijo za spopadanje s stresom ter v stresu in trpljenju najdejo smisel.<\/p><\/div><\/div>\n\n\n\n<div class=\"wp-block-rea-separator-rea-separator-block rea-separator-block front\"><div class=\"rea-separator-block__content\"><hr class=\"rea-separator-block__separator\"><\/div><\/div>\n\n\n\n<div class=\"wp-block-rea-title-rea-title-block rea-title-block front\"><div class=\"rea-title-block__content\"><h3 id=\"strongstrongoblikovanje-realnih-priakovanjstrongstrong\" class=\"content-title \"><strong><strong>Oblikovanje realnih pri\u010dakovanj<\/strong><\/strong><\/h3><h4 class=\"content-subtitle rea-hidden\"><\/h4><\/div><\/div>\n\n\n\n<div class=\"wp-block-rea-illustration-rea-illustration-block rea-illustration-block front\"><img class=\"illustration-bg\" alt=\"\"><div class=\"rea-illustration-block__content\"><div class=\"rea-illustration-block__image image-wrapper\"><a href=\"\" rel=\"noopener noreferrer\" target=\"_blank\" class=\"is-blocked\"><img decoding=\"async\" class=\"illustration left\" alt=\"\" src=\"https:\/\/schizophrenia.life\/public\/wp-content\/uploads\/2023\/12\/Building-realistic-expectations.png\" style=\"max-width: 50%\"><img decoding=\"async\" class=\"rea-mobile illustration-mobile\" alt=\"\" src=\"https:\/\/schizophrenia.life\/public\/wp-content\/uploads\/2023\/12\/Building-realistic-expectations.png\"><\/a><\/div><p class=\"rea-site__caption caption-text align-left\"><\/p><\/div><\/div>\n\n\n\n<div class=\"wp-block-rea-paragraph-rea-paragraph-block rea-paragraph-block front\"><div class=\"rea-paragraph-block__content\"><p class=\"content-text\">Kot pri vsem, kar vklju\u010duje dve skrajnosti, je resnica nekje na sredini. Pri zdravljenju shizofrenije je bil dose\u017een precej\u0161en napredek in \u0161tevilne pojavne oblike motnje, ki se jih bojite, je mogo\u010de prepre\u010diti ali omiliti njihov vpliv. Skrb za osebo s shizofrenijo je lahko izziv za celotno dru\u017eino. Na\u010drt in ob\u010dutek namena, tako za vas kot za osebo, za katero skrbite, lahko bistveno izbolj\u0161ata potek motnje. Preberite \u010dim ve\u010d o shizofreniji. Skupaj z osebo, za katero skrbite, ugotovite, kaj vam najbolj ustreza. \u0160tudije ka\u017eejo, da pomanjkanje informacij o shizofreniji povzro\u010da ne le negativen odnos do du\u0161evne motnje, temve\u010d tudi ve\u010djo stopnjo ponovitev motnje (relapsov).<br><br>Najbolj\u0161i na\u010din za zagotavljanje oskrbe, ki jo va\u0161a ljubljena oseba potrebuje, je, da razvijete realisti\u010dna in v neki meri kompromisna pri\u010dakovanja glede va\u0161e skupne prihodnosti in poteka motnje. To lahko dose\u017eete tako, da o shizofreniji izveste \u010dim ve\u010d in se seznanite z vsemi mo\u017enimi preventivnimi ukrepi in mo\u017enostmi zdravljenja.<br><br>Pripravite akcijski na\u010drt z jasno dolo\u010denimi odgovornostmi, ki vam bo pomagal premagati ovire in pridobiti ve\u010dji nadzor v prihodnosti. Osredoto\u010dite se na iskanje re\u0161itev za te\u017eave, s katerimi se sre\u010dujete. Obravnavajte vse ukrepe, ki lahko prepre\u010dijo najslab\u0161i mo\u017eni scenarij in spodbudijo najbolj\u0161ega mo\u017enega. Poleg svojih odgovornosti dolo\u010dite tudi odgovornosti osebe, za katero skrbite. To bo okrepilo njeno samozavest in bistveno izbolj\u0161alo kakovost njenega \u017eivljenja.<br><br>Razmisliti morate tudi o mo\u017enostih rehabilitacije, finan\u010dnih in pravnih vidikih ter drugih prakti\u010dnih ukrepih, ki vam bodo omogo\u010dili jasnej\u0161i pogled na pot, ki je pred vami. Uporabne informacije o vseh teh temah boste na\u0161li v naslednjih poglavjih tega priro\u010dnika.<\/p><\/div><\/div>\n\n\n\n<div class=\"wp-block-rea-references-rea-references-block rea-references-block front\"><div class=\"rea-references-block__references\"><p class=\"references-title\">References title<\/p><ol class=\"references-list\"><li>Healthy grieving [Internet]. University of Washington. [cited 2020 Dec 23]. Available from: <a href=\"https:\/\/www.washington.edu\/counseling\/\" rel=\"nofollow noopener\" target=\"_blank\">https:\/\/www.washington.edu\/counseling\/<\/a> resources-for-students\/healthy-grieving\/<\/li><li>Dayton T. Why We Grieve: The Importance of Mourning Loss [Internet]. HuffPost. [cited 2020 Dec 23]. Available from: https:\/\/www.huffpost.com<\/li><li>Rahmani F, Ranjbar F, Hosseinzadeh M, Razavi SS, Dickens GL, Vahidi M. Coping strategies of family caregivers of patients with schizophrenia in Iran: A cross-sectional survey. Int J Nurs Sci. 2019 Apr 10;6(2):148\u201353.<\/li><li>Schizophrenia [Internet]. American Association for Marriage and FamilyTherapy. [cited 2020 Dec 23]. Available from: https:\/\/www.aamft.org\/Consumer_Updates\/Schizophrenia.aspx<\/li><li>Folkman S. The case for positive emotions in the stress process. Anxiety Stress Coping. 2008 Jan;21(1):3\u201314.<\/li><li>Vauth R, Bull N, Schneider G. Emotionsund stigmafokussierte Angeh\u00f6rigenarbeit bei psychotischen St\u00f6rungen: Ein Behandlungsprogramm. G\u00f6ttingen: Hogrefe; 2009.<\/li><li>Moslehi S, Atefimanesh P, Asgharnejad Farid A. The relationship between problem- focused coping strategies and quality of life in schizophrenic patients. Med J Islam Repub Iran. 2015 Nov 11; 29:288.<\/li><\/ol><\/div><\/div>\n\n\n\n<ul class=\"wp-block-list\">\n<li>\n<\/ul>\n\n\n\n\n<div class=\"wp-block-rea-title-rea-title-block rea-title-block front rea-share-block\" style=\"margin-bottom:30px;text-align:center;\">\n\t\t<div class=\"\">\n\t\t\t<span style=\"display:block;margin-bottom:10px;font-size:20px;\">Share<\/span>\n\t\t\t<a href=\"https:\/\/www.facebook.com\/sharer\/sharer.php?u=https:\/\/shizofrenija.si\/javno\/wp-json\/wp\/v2\/pages\/3232\" class=\"facebook-share\" target=\"_blank\"><\/a>\n\t\t\t<a href=\"https:\/\/www.linkedin.com\/shareArticle?mini=true&#038;url=https:\/\/shizofrenija.si\/javno\/wp-json\/wp\/v2\/pages\/3232\" class=\"linkedin-share\" target=\"_blank\"><\/a>\n\t\t<\/div>\n\t<\/div>","protected":false},"excerpt":{"rendered":"<p>Share<\/p>\n","protected":false},"author":1,"featured_media":3387,"parent":0,"menu_order":0,"comment_status":"closed","ping_status":"closed","template":"page-fullwidth.php","meta":{"_acf_changed":false,"rea_page_title_signed_in_meta_block_field":"","rea_page_title_signed_out_meta_block_field":"","rea_page_description_signed_in_meta_block_field":"","rea_page_description_signed_out_meta_block_field":"","rea_page_footer_id_meta_block_field":"","rea_page_footer_date_meta_block_field":"","footnotes":""},"class_list":["post-3232","page","type-page","status-publish","has-post-thumbnail","hentry"],"acf":[],"_links":{"self":[{"href":"https:\/\/shizofrenija.si\/javno\/wp-json\/wp\/v2\/pages\/3232","targetHints":{"allow":["GET"]}}],"collection":[{"href":"https:\/\/shizofrenija.si\/javno\/wp-json\/wp\/v2\/pages"}],"about":[{"href":"https:\/\/shizofrenija.si\/javno\/wp-json\/wp\/v2\/types\/page"}],"author":[{"embeddable":true,"href":"https:\/\/shizofrenija.si\/javno\/wp-json\/wp\/v2\/users\/1"}],"replies":[{"embeddable":true,"href":"https:\/\/shizofrenija.si\/javno\/wp-json\/wp\/v2\/comments?post=3232"}],"version-history":[{"count":9,"href":"https:\/\/shizofrenija.si\/javno\/wp-json\/wp\/v2\/pages\/3232\/revisions"}],"predecessor-version":[{"id":3475,"href":"https:\/\/shizofrenija.si\/javno\/wp-json\/wp\/v2\/pages\/3232\/revisions\/3475"}],"wp:featuredmedia":[{"embeddable":true,"href":"https:\/\/shizofrenija.si\/javno\/wp-json\/wp\/v2\/media\/3387"}],"wp:attachment":[{"href":"https:\/\/shizofrenija.si\/javno\/wp-json\/wp\/v2\/media?parent=3232"}],"curies":[{"name":"wp","href":"https:\/\/api.w.org\/{rel}","templated":true}]}}